{"id":349,"date":"2024-11-05T13:03:38","date_gmt":"2024-11-05T13:03:38","guid":{"rendered":"https:\/\/www.kempsazava.cz\/kemp-sazava\/"},"modified":"2026-04-02T13:12:37","modified_gmt":"2026-04-02T13:12:37","slug":"kemp-sazava","status":"publish","type":"page","link":"https:\/\/www.kempsazava.cz\/de\/","title":{"rendered":"Campingplatz S\u00e1zava"},"content":{"rendered":"<p style=\"text-align: center\" data-start=\"79\" data-end=\"688\"><strong data-start=\"79\" data-end=\"111\">Campingplatz S\u00e1zavsk\u00fd Ostrov<\/strong> ist ein beliebtes Feriendomizil in der malerischen Landschaft der Pos\u00e1zav\u00ed-Region. Er eignet sich ideal f\u00fcr Familienurlaube, Gruppenaufenthalte und aktive Wochenenden. Wir bieten Unterk\u00fcnfte direkt an der S\u00e1zava \u2013 von Zelt- und Caravan-Stellpl\u00e4tzen bis hin zu komfortablen Mobilheimen und Apartments. Unser Campingplatz ist die beste Wahl f\u00fcr Naturliebhaber, Paddler, Radfahrer, Familien mit Kindern sowie Gruppen, die eine geeignete Umgebung f\u00fcr Teambuilding suchen. Paddler sch\u00e4tzen den direkten Zugang zum Fluss S\u00e1zava mit der M\u00f6glichkeit, Boote direkt vor Ort zu mieten.<\/p>\n<p style=\"text-align: center\" data-start=\"690\" data-end=\"990\">Rund um den Campingplatz S\u00e1zavsk\u00fd Ostrov finden Sie herrliche Rad- und Wanderwege, die sowohl f\u00fcr Familien als auch f\u00fcr Sportler geeignet sind. Ein Besuch des historischen Klosters S\u00e1zava ist sehr zu empfehlen. Weitere Tipps finden Sie im Bereich <strong data-start=\"937\" data-end=\"967\">\u201eAusfl\u00fcge in die Umgebung\u201c<\/strong> auf unserer Website.<\/p>\n<p style=\"text-align: center\" data-start=\"992\" data-end=\"1356\">Der Campingplatz ist bequem mit dem Auto, Zug oder Bus erreichbar. Auf dem gesamten Gel\u00e4nde k\u00f6nnen Sie mit Karte oder bar bezahlen (ausgenommen am Kiosk direkt am Fluss). Ein Minimarkt mit Lebensmitteln f\u00fcr den t\u00e4glichen Bedarf befindet sich in fu\u00dfl\u00e4ufiger Entfernung. Ein Geldautomat steht am Stadtplatz, etwa 800 Meter vom Campingplatz entfernt, zur Verf\u00fcgung.<\/p>\n","protected":false},"excerpt":{"rendered":"<p>Campingplatz S\u00e1zavsk\u00fd Ostrov ist ein beliebtes Feriendomizil in der malerischen Landschaft der Pos\u00e1zav\u00ed-Region. Er eignet sich ideal f\u00fcr Familienurlaube, Gruppenaufenthalte und aktive Wochenenden. Wir bieten Unterk\u00fcnfte direkt an der S\u00e1zava \u2013 von Zelt- und Caravan-Stellpl\u00e4tzen bis hin zu komfortablen Mobilheimen und Apartments. Unser Campingplatz ist die beste Wahl f\u00fcr Naturliebhaber, Paddler, Radfahrer, Familien mit Kindern [&hellip;]<\/p>\n","protected":false},"author":7,"featured_media":0,"parent":0,"menu_order":0,"comment_status":"closed","ping_status":"closed","template":"","meta":{"footnotes":""},"yoast_head":"<!-- This site is optimized with the Yoast SEO plugin v22.3 - https:\/\/yoast.com\/wordpress\/plugins\/seo\/ -->\n<title>Campingplatz S\u00e1zava - Im Herzen der Natur des Pos\u00e1zav\u00ed<\/title>\n<meta name=\"description\" content=\"Das Erholungsgebiet S\u00e1zavsk\u00fd Ostrov ist ideal zum Entspannen mit Unterkunft und Gastronomie inmitten der Natur.\" \/>\n<meta name=\"robots\" content=\"index, follow, max-snippet:-1, max-image-preview:large, max-video-preview:-1\" \/>\n<link rel=\"canonical\" href=\"https:\/\/www.kempsazava.cz\/de\/\" \/>\n<meta property=\"og:locale\" content=\"de_DE\" \/>\n<meta property=\"og:type\" content=\"article\" \/>\n<meta property=\"og:title\" content=\"Campingplatz S\u00e1zava - Im Herzen der Natur des Pos\u00e1zav\u00ed\" \/>\n<meta property=\"og:description\" content=\"Das Erholungsgebiet S\u00e1zavsk\u00fd Ostrov ist ideal zum Entspannen mit Unterkunft und Gastronomie inmitten der Natur.\" \/>\n<meta property=\"og:url\" content=\"https:\/\/www.kempsazava.cz\/de\/\" \/>\n<meta property=\"og:site_name\" content=\"Kemp S\u00e1zava LP\" \/>\n<meta property=\"article:modified_time\" content=\"2026-04-02T13:12:37+00:00\" \/>\n<meta property=\"og:image\" content=\"https:\/\/www.kempsazava.cz\/wp-content\/uploads\/sites\/181\/2024\/11\/Mobilehouseexterior.jpg\" \/>\n\t<meta property=\"og:image:width\" content=\"1200\" \/>\n\t<meta property=\"og:image:height\" content=\"800\" \/>\n\t<meta property=\"og:image:type\" content=\"image\/jpeg\" \/>\n<meta name=\"twitter:card\" content=\"summary_large_image\" \/>\n<meta name=\"twitter:label1\" content=\"Gesch\u00e4tzte Lesezeit\" \/>\n\t<meta name=\"twitter:data1\" content=\"1 Minute\" \/>\n<script type=\"application\/ld+json\" class=\"yoast-schema-graph\">{\"@context\":\"https:\/\/schema.org\",\"@graph\":[{\"@type\":\"WebPage\",\"@id\":\"https:\/\/www.kempsazava.cz\/de\/\",\"url\":\"https:\/\/www.kempsazava.cz\/de\/\",\"name\":\"Campingplatz S\u00e1zava - Im Herzen der Natur des Pos\u00e1zav\u00ed\",\"isPartOf\":{\"@id\":\"https:\/\/www.kempsazava.cz\/de\/#website\"},\"datePublished\":\"2024-11-05T13:03:38+00:00\",\"dateModified\":\"2026-04-02T13:12:37+00:00\",\"description\":\"Das Erholungsgebiet S\u00e1zavsk\u00fd Ostrov ist ideal zum Entspannen mit Unterkunft und Gastronomie inmitten der Natur.\",\"breadcrumb\":{\"@id\":\"https:\/\/www.kempsazava.cz\/de\/#breadcrumb\"},\"inLanguage\":\"de-DE\",\"potentialAction\":[{\"@type\":\"ReadAction\",\"target\":[\"https:\/\/www.kempsazava.cz\/de\/\"]}]},{\"@type\":\"BreadcrumbList\",\"@id\":\"https:\/\/www.kempsazava.cz\/de\/#breadcrumb\",\"itemListElement\":[{\"@type\":\"ListItem\",\"position\":1,\"name\":\"Home\",\"item\":\"https:\/\/www.kempsazava.cz\/de\/\"},{\"@type\":\"ListItem\",\"position\":2,\"name\":\"Campingplatz S\u00e1zava\"}]},{\"@type\":\"WebSite\",\"@id\":\"https:\/\/www.kempsazava.cz\/de\/#website\",\"url\":\"https:\/\/www.kempsazava.cz\/de\/\",\"name\":\"Kemp S\u00e1zava LP\",\"description\":\"\",\"publisher\":{\"@id\":\"https:\/\/www.kempsazava.cz\/de\/#organization\"},\"potentialAction\":[{\"@type\":\"SearchAction\",\"target\":{\"@type\":\"EntryPoint\",\"urlTemplate\":\"https:\/\/www.kempsazava.cz\/de\/?s={search_term_string}\"},\"query-input\":\"required name=search_term_string\"}],\"inLanguage\":\"de-DE\"},{\"@type\":\"Organization\",\"@id\":\"https:\/\/www.kempsazava.cz\/de\/#organization\",\"name\":\"Kemp S\u00e1zava LP\",\"url\":\"https:\/\/www.kempsazava.cz\/de\/\",\"logo\":{\"@type\":\"ImageObject\",\"inLanguage\":\"de-DE\",\"@id\":\"https:\/\/www.kempsazava.cz\/de\/#\/schema\/logo\/image\/\",\"url\":\"https:\/\/www.kempsazava.cz\/wp-content\/uploads\/sites\/181\/2024\/11\/Logo_Kemp_color-1.png\",\"contentUrl\":\"https:\/\/www.kempsazava.cz\/wp-content\/uploads\/sites\/181\/2024\/11\/Logo_Kemp_color-1.png\",\"width\":498,\"height\":578,\"caption\":\"Kemp S\u00e1zava LP\"},\"image\":{\"@id\":\"https:\/\/www.kempsazava.cz\/de\/#\/schema\/logo\/image\/\"}}]}<\/script>\n<!-- \/ Yoast SEO plugin. -->","yoast_head_json":{"title":"Campingplatz S\u00e1zava - Im Herzen der Natur des Pos\u00e1zav\u00ed","description":"Das Erholungsgebiet S\u00e1zavsk\u00fd Ostrov ist ideal zum Entspannen mit Unterkunft und Gastronomie inmitten der Natur.","robots":{"index":"index","follow":"follow","max-snippet":"max-snippet:-1","max-image-preview":"max-image-preview:large","max-video-preview":"max-video-preview:-1"},"canonical":"https:\/\/www.kempsazava.cz\/de\/","og_locale":"de_DE","og_type":"article","og_title":"Campingplatz S\u00e1zava - Im Herzen der Natur des Pos\u00e1zav\u00ed","og_description":"Das Erholungsgebiet S\u00e1zavsk\u00fd Ostrov ist ideal zum Entspannen mit Unterkunft und Gastronomie inmitten der Natur.","og_url":"https:\/\/www.kempsazava.cz\/de\/","og_site_name":"Kemp S\u00e1zava LP","article_modified_time":"2026-04-02T13:12:37+00:00","og_image":[{"width":1200,"height":800,"url":"https:\/\/www.kempsazava.cz\/wp-content\/uploads\/sites\/181\/2024\/11\/Mobilehouseexterior.jpg","type":"image\/jpeg"}],"twitter_card":"summary_large_image","twitter_misc":{"Gesch\u00e4tzte Lesezeit":"1 Minute"},"schema":{"@context":"https:\/\/schema.org","@graph":[{"@type":"WebPage","@id":"https:\/\/www.kempsazava.cz\/de\/","url":"https:\/\/www.kempsazava.cz\/de\/","name":"Campingplatz S\u00e1zava - Im Herzen der Natur des Pos\u00e1zav\u00ed","isPartOf":{"@id":"https:\/\/www.kempsazava.cz\/de\/#website"},"datePublished":"2024-11-05T13:03:38+00:00","dateModified":"2026-04-02T13:12:37+00:00","description":"Das Erholungsgebiet S\u00e1zavsk\u00fd Ostrov ist ideal zum Entspannen mit Unterkunft und Gastronomie inmitten der Natur.","breadcrumb":{"@id":"https:\/\/www.kempsazava.cz\/de\/#breadcrumb"},"inLanguage":"de-DE","potentialAction":[{"@type":"ReadAction","target":["https:\/\/www.kempsazava.cz\/de\/"]}]},{"@type":"BreadcrumbList","@id":"https:\/\/www.kempsazava.cz\/de\/#breadcrumb","itemListElement":[{"@type":"ListItem","position":1,"name":"Home","item":"https:\/\/www.kempsazava.cz\/de\/"},{"@type":"ListItem","position":2,"name":"Campingplatz S\u00e1zava"}]},{"@type":"WebSite","@id":"https:\/\/www.kempsazava.cz\/de\/#website","url":"https:\/\/www.kempsazava.cz\/de\/","name":"Kemp S\u00e1zava LP","description":"","publisher":{"@id":"https:\/\/www.kempsazava.cz\/de\/#organization"},"potentialAction":[{"@type":"SearchAction","target":{"@type":"EntryPoint","urlTemplate":"https:\/\/www.kempsazava.cz\/de\/?s={search_term_string}"},"query-input":"required name=search_term_string"}],"inLanguage":"de-DE"},{"@type":"Organization","@id":"https:\/\/www.kempsazava.cz\/de\/#organization","name":"Kemp S\u00e1zava LP","url":"https:\/\/www.kempsazava.cz\/de\/","logo":{"@type":"ImageObject","inLanguage":"de-DE","@id":"https:\/\/www.kempsazava.cz\/de\/#\/schema\/logo\/image\/","url":"https:\/\/www.kempsazava.cz\/wp-content\/uploads\/sites\/181\/2024\/11\/Logo_Kemp_color-1.png","contentUrl":"https:\/\/www.kempsazava.cz\/wp-content\/uploads\/sites\/181\/2024\/11\/Logo_Kemp_color-1.png","width":498,"height":578,"caption":"Kemp S\u00e1zava LP"},"image":{"@id":"https:\/\/www.kempsazava.cz\/de\/#\/schema\/logo\/image\/"}}]}},"acf":[],"_links":{"self":[{"href":"https:\/\/www.kempsazava.cz\/de\/wp-json\/wp\/v2\/pages\/349"}],"collection":[{"href":"https:\/\/www.kempsazava.cz\/de\/wp-json\/wp\/v2\/pages"}],"about":[{"href":"https:\/\/www.kempsazava.cz\/de\/wp-json\/wp\/v2\/types\/page"}],"author":[{"embeddable":true,"href":"https:\/\/www.kempsazava.cz\/de\/wp-json\/wp\/v2\/users\/7"}],"replies":[{"embeddable":true,"href":"https:\/\/www.kempsazava.cz\/de\/wp-json\/wp\/v2\/comments?post=349"}],"version-history":[{"count":0,"href":"https:\/\/www.kempsazava.cz\/de\/wp-json\/wp\/v2\/pages\/349\/revisions"}],"wp:attachment":[{"href":"https:\/\/www.kempsazava.cz\/de\/wp-json\/wp\/v2\/media?parent=349"}],"curies":[{"name":"wp","href":"https:\/\/api.w.org\/{rel}","templated":true}]}}