{"id":354,"date":"2024-11-07T11:25:22","date_gmt":"2024-11-07T11:25:22","guid":{"rendered":"https:\/\/www.kempsazava.cz\/caravans\/"},"modified":"2026-01-27T12:47:01","modified_gmt":"2026-01-27T12:47:01","slug":"wohnwagen","status":"publish","type":"page","link":"https:\/\/www.kempsazava.cz\/de\/wohnwagen\/","title":{"rendered":"Wohnwagen"},"content":{"rendered":"<p>Genie\u00dfen Sie einen gro\u00dfz\u00fcgigen und ruhigen Stellplatz f\u00fcr Ihr Wohnmobil direkt am Fluss \u2013 ideal f\u00fcr Naturliebhaber und Outdoor-Fans. Die ebenen und leicht zug\u00e4nglichen Stellfl\u00e4chen bieten Privatsph\u00e4re, eine wundersch\u00f6ne Umgebung und h\u00f6chsten Komfort. Vor Ort stehen Ihnen saubere Sanit\u00e4ranlagen mit Duschen und WCs, Stromanschl\u00fcssen sowie Trinkwasser zur Verf\u00fcgung. Schlafen Sie unter dem Sternenhimmel ein und wachen Sie mit dem beruhigenden Klang des Flusses mitten in der Natur auf. Ob f\u00fcr eine Nacht oder einen l\u00e4ngeren Aufenthalt \u2013 hier finden Sie den perfekten Ort zum Entspannen, Abschalten und Erkunden der Umgebung. Buchen Sie jetzt Ihren Wohnmobil-Stellplatz und genie\u00dfen Sie einen ruhigen Aufenthalt in der Natur.<\/p>\n<p>&nbsp;<\/p>\n","protected":false},"excerpt":{"rendered":"<p>Genie\u00dfen Sie einen gro\u00dfz\u00fcgigen und ruhigen Stellplatz f\u00fcr Ihr Wohnmobil direkt am Fluss \u2013 ideal f\u00fcr Naturliebhaber und Outdoor-Fans. Die ebenen und leicht zug\u00e4nglichen Stellfl\u00e4chen bieten Privatsph\u00e4re, eine wundersch\u00f6ne Umgebung und h\u00f6chsten Komfort. Vor Ort stehen Ihnen saubere Sanit\u00e4ranlagen mit Duschen und WCs, Stromanschl\u00fcssen sowie Trinkwasser zur Verf\u00fcgung. Schlafen Sie unter dem Sternenhimmel ein und [&hellip;]<\/p>\n","protected":false},"author":7,"featured_media":0,"parent":0,"menu_order":50,"comment_status":"closed","ping_status":"closed","template":"template-single-room.php","meta":{"footnotes":""},"class_list":["post-354","page","type-page","status-publish","hentry"],"yoast_head":"<!-- This site is optimized with the Yoast SEO plugin v27.3 - https:\/\/yoast.com\/product\/yoast-seo-wordpress\/ -->\n<title>Wohnwagen - Kemp S\u00e1zava LP -<\/title>\n<meta name=\"description\" content=\"Wir bieten einen gro\u00dfz\u00fcgigen und ruhigen Stellplatz f\u00fcr Wohnmobile, ideal f\u00fcr Naturliebhaber und Outdoor-Abenteurer.\" \/>\n<meta name=\"robots\" content=\"index, follow, max-snippet:-1, max-image-preview:large, max-video-preview:-1\" \/>\n<link rel=\"canonical\" href=\"https:\/\/www.kempsazava.cz\/de\/wohnwagen\/\" \/>\n<meta property=\"og:locale\" content=\"de_DE\" \/>\n<meta property=\"og:type\" content=\"article\" \/>\n<meta property=\"og:title\" content=\"Wohnwagen - Kemp S\u00e1zava LP -\" \/>\n<meta property=\"og:description\" content=\"Wir bieten einen gro\u00dfz\u00fcgigen und ruhigen Stellplatz f\u00fcr Wohnmobile, ideal f\u00fcr Naturliebhaber und Outdoor-Abenteurer.\" \/>\n<meta property=\"og:url\" content=\"https:\/\/www.kempsazava.cz\/de\/wohnwagen\/\" \/>\n<meta property=\"og:site_name\" content=\"Kemp S\u00e1zava LP\" \/>\n<meta property=\"article:modified_time\" content=\"2026-01-27T12:47:01+00:00\" \/>\n<meta property=\"og:image\" content=\"https:\/\/www.kempsazava.cz\/wp-content\/uploads\/sites\/181\/2024\/11\/Mobilehouseexterior.jpg\" \/>\n\t<meta property=\"og:image:width\" content=\"1200\" \/>\n\t<meta property=\"og:image:height\" content=\"800\" \/>\n\t<meta property=\"og:image:type\" content=\"image\/jpeg\" \/>\n<meta name=\"twitter:card\" content=\"summary_large_image\" \/>\n<meta name=\"twitter:label1\" content=\"Gesch\u00e4tzte Lesezeit\" \/>\n\t<meta name=\"twitter:data1\" content=\"1 Minute\" \/>\n<script type=\"application\/ld+json\" class=\"yoast-schema-graph\">{\"@context\":\"https:\\\/\\\/schema.org\",\"@graph\":[{\"@type\":\"WebPage\",\"@id\":\"https:\\\/\\\/www.kempsazava.cz\\\/de\\\/wohnwagen\\\/\",\"url\":\"https:\\\/\\\/www.kempsazava.cz\\\/de\\\/wohnwagen\\\/\",\"name\":\"Wohnwagen - Kemp S\u00e1zava LP -\",\"isPartOf\":{\"@id\":\"https:\\\/\\\/www.kempsazava.cz\\\/de\\\/#website\"},\"datePublished\":\"2024-11-07T11:25:22+00:00\",\"dateModified\":\"2026-01-27T12:47:01+00:00\",\"description\":\"Wir bieten einen gro\u00dfz\u00fcgigen und ruhigen Stellplatz f\u00fcr Wohnmobile, ideal f\u00fcr Naturliebhaber und Outdoor-Abenteurer.\",\"breadcrumb\":{\"@id\":\"https:\\\/\\\/www.kempsazava.cz\\\/de\\\/wohnwagen\\\/#breadcrumb\"},\"inLanguage\":\"de-DE\",\"potentialAction\":[{\"@type\":\"ReadAction\",\"target\":[\"https:\\\/\\\/www.kempsazava.cz\\\/de\\\/wohnwagen\\\/\"]}]},{\"@type\":\"BreadcrumbList\",\"@id\":\"https:\\\/\\\/www.kempsazava.cz\\\/de\\\/wohnwagen\\\/#breadcrumb\",\"itemListElement\":[{\"@type\":\"ListItem\",\"position\":1,\"name\":\"Home\",\"item\":\"https:\\\/\\\/www.kempsazava.cz\\\/de\\\/\"},{\"@type\":\"ListItem\",\"position\":2,\"name\":\"Wohnwagen\"}]},{\"@type\":\"WebSite\",\"@id\":\"https:\\\/\\\/www.kempsazava.cz\\\/de\\\/#website\",\"url\":\"https:\\\/\\\/www.kempsazava.cz\\\/de\\\/\",\"name\":\"Kemp S\u00e1zava LP\",\"description\":\"\",\"publisher\":{\"@id\":\"https:\\\/\\\/www.kempsazava.cz\\\/de\\\/#organization\"},\"potentialAction\":[{\"@type\":\"SearchAction\",\"target\":{\"@type\":\"EntryPoint\",\"urlTemplate\":\"https:\\\/\\\/www.kempsazava.cz\\\/de\\\/?s={search_term_string}\"},\"query-input\":{\"@type\":\"PropertyValueSpecification\",\"valueRequired\":true,\"valueName\":\"search_term_string\"}}],\"inLanguage\":\"de-DE\"},{\"@type\":\"Organization\",\"@id\":\"https:\\\/\\\/www.kempsazava.cz\\\/de\\\/#organization\",\"name\":\"Kemp S\u00e1zava LP\",\"url\":\"https:\\\/\\\/www.kempsazava.cz\\\/de\\\/\",\"logo\":{\"@type\":\"ImageObject\",\"inLanguage\":\"de-DE\",\"@id\":\"https:\\\/\\\/www.kempsazava.cz\\\/de\\\/#\\\/schema\\\/logo\\\/image\\\/\",\"url\":\"https:\\\/\\\/www.kempsazava.cz\\\/wp-content\\\/uploads\\\/sites\\\/181\\\/2024\\\/11\\\/Logo_Kemp_color-1.png\",\"contentUrl\":\"https:\\\/\\\/www.kempsazava.cz\\\/wp-content\\\/uploads\\\/sites\\\/181\\\/2024\\\/11\\\/Logo_Kemp_color-1.png\",\"width\":498,\"height\":578,\"caption\":\"Kemp S\u00e1zava LP\"},\"image\":{\"@id\":\"https:\\\/\\\/www.kempsazava.cz\\\/de\\\/#\\\/schema\\\/logo\\\/image\\\/\"}}]}<\/script>\n<!-- \/ Yoast SEO plugin. -->","yoast_head_json":{"title":"Wohnwagen - Kemp S\u00e1zava LP -","description":"Wir bieten einen gro\u00dfz\u00fcgigen und ruhigen Stellplatz f\u00fcr Wohnmobile, ideal f\u00fcr Naturliebhaber und Outdoor-Abenteurer.","robots":{"index":"index","follow":"follow","max-snippet":"max-snippet:-1","max-image-preview":"max-image-preview:large","max-video-preview":"max-video-preview:-1"},"canonical":"https:\/\/www.kempsazava.cz\/de\/wohnwagen\/","og_locale":"de_DE","og_type":"article","og_title":"Wohnwagen - Kemp S\u00e1zava LP -","og_description":"Wir bieten einen gro\u00dfz\u00fcgigen und ruhigen Stellplatz f\u00fcr Wohnmobile, ideal f\u00fcr Naturliebhaber und Outdoor-Abenteurer.","og_url":"https:\/\/www.kempsazava.cz\/de\/wohnwagen\/","og_site_name":"Kemp S\u00e1zava LP","article_modified_time":"2026-01-27T12:47:01+00:00","og_image":[{"width":1200,"height":800,"url":"https:\/\/www.kempsazava.cz\/wp-content\/uploads\/sites\/181\/2024\/11\/Mobilehouseexterior.jpg","type":"image\/jpeg"}],"twitter_card":"summary_large_image","twitter_misc":{"Gesch\u00e4tzte Lesezeit":"1 Minute"},"schema":{"@context":"https:\/\/schema.org","@graph":[{"@type":"WebPage","@id":"https:\/\/www.kempsazava.cz\/de\/wohnwagen\/","url":"https:\/\/www.kempsazava.cz\/de\/wohnwagen\/","name":"Wohnwagen - Kemp S\u00e1zava LP -","isPartOf":{"@id":"https:\/\/www.kempsazava.cz\/de\/#website"},"datePublished":"2024-11-07T11:25:22+00:00","dateModified":"2026-01-27T12:47:01+00:00","description":"Wir bieten einen gro\u00dfz\u00fcgigen und ruhigen Stellplatz f\u00fcr Wohnmobile, ideal f\u00fcr Naturliebhaber und Outdoor-Abenteurer.","breadcrumb":{"@id":"https:\/\/www.kempsazava.cz\/de\/wohnwagen\/#breadcrumb"},"inLanguage":"de-DE","potentialAction":[{"@type":"ReadAction","target":["https:\/\/www.kempsazava.cz\/de\/wohnwagen\/"]}]},{"@type":"BreadcrumbList","@id":"https:\/\/www.kempsazava.cz\/de\/wohnwagen\/#breadcrumb","itemListElement":[{"@type":"ListItem","position":1,"name":"Home","item":"https:\/\/www.kempsazava.cz\/de\/"},{"@type":"ListItem","position":2,"name":"Wohnwagen"}]},{"@type":"WebSite","@id":"https:\/\/www.kempsazava.cz\/de\/#website","url":"https:\/\/www.kempsazava.cz\/de\/","name":"Kemp S\u00e1zava LP","description":"","publisher":{"@id":"https:\/\/www.kempsazava.cz\/de\/#organization"},"potentialAction":[{"@type":"SearchAction","target":{"@type":"EntryPoint","urlTemplate":"https:\/\/www.kempsazava.cz\/de\/?s={search_term_string}"},"query-input":{"@type":"PropertyValueSpecification","valueRequired":true,"valueName":"search_term_string"}}],"inLanguage":"de-DE"},{"@type":"Organization","@id":"https:\/\/www.kempsazava.cz\/de\/#organization","name":"Kemp S\u00e1zava LP","url":"https:\/\/www.kempsazava.cz\/de\/","logo":{"@type":"ImageObject","inLanguage":"de-DE","@id":"https:\/\/www.kempsazava.cz\/de\/#\/schema\/logo\/image\/","url":"https:\/\/www.kempsazava.cz\/wp-content\/uploads\/sites\/181\/2024\/11\/Logo_Kemp_color-1.png","contentUrl":"https:\/\/www.kempsazava.cz\/wp-content\/uploads\/sites\/181\/2024\/11\/Logo_Kemp_color-1.png","width":498,"height":578,"caption":"Kemp S\u00e1zava LP"},"image":{"@id":"https:\/\/www.kempsazava.cz\/de\/#\/schema\/logo\/image\/"}}]}},"acf":[],"_links":{"self":[{"href":"https:\/\/www.kempsazava.cz\/de\/wp-json\/wp\/v2\/pages\/354","targetHints":{"allow":["GET"]}}],"collection":[{"href":"https:\/\/www.kempsazava.cz\/de\/wp-json\/wp\/v2\/pages"}],"about":[{"href":"https:\/\/www.kempsazava.cz\/de\/wp-json\/wp\/v2\/types\/page"}],"author":[{"embeddable":true,"href":"https:\/\/www.kempsazava.cz\/de\/wp-json\/wp\/v2\/users\/7"}],"replies":[{"embeddable":true,"href":"https:\/\/www.kempsazava.cz\/de\/wp-json\/wp\/v2\/comments?post=354"}],"version-history":[{"count":0,"href":"https:\/\/www.kempsazava.cz\/de\/wp-json\/wp\/v2\/pages\/354\/revisions"}],"wp:attachment":[{"href":"https:\/\/www.kempsazava.cz\/de\/wp-json\/wp\/v2\/media?parent=354"}],"curies":[{"name":"wp","href":"https:\/\/api.w.org\/{rel}","templated":true}]}}