{"id":356,"date":"2024-11-08T07:12:56","date_gmt":"2024-11-08T07:12:56","guid":{"rendered":"https:\/\/www.kempsazava.cz\/imprint\/"},"modified":"2025-09-05T08:40:38","modified_gmt":"2025-09-05T08:40:38","slug":"imprint","status":"publish","type":"page","link":"https:\/\/www.kempsazava.cz\/de\/imprint\/","title":{"rendered":"Imprint"},"content":{"rendered":"<p style=\"text-align: center\" data-start=\"76\" data-end=\"177\"><strong data-start=\"76\" data-end=\"97\"><a class=\"decorated-link\" href=\"http:\/\/WWW.KEMPSAZAVA.CZ?utm_source=chatgpt.com\" target=\"_new\" rel=\"noopener\" data-start=\"78\" data-end=\"95\">WWW.KEMPSAZAVA.CZ<\/a><\/strong><br data-start=\"97\" data-end=\"100\" \/>ist eine Internet-Domain, die im Eigentum von <strong data-start=\"146\" data-end=\"168\">Kemp S\u00e1zava s.r.o.<\/strong> steht.<\/p>\n<p style=\"text-align: center\" data-start=\"179\" data-end=\"445\"><strong data-start=\"179\" data-end=\"204\">Kontaktinformationen:<\/strong><br data-start=\"204\" data-end=\"207\" \/>Kemp S\u00e1zava s.r.o.<br data-start=\"225\" data-end=\"228\" \/>mit eingetragener Adresse: Plask\u00e1 614\/10, Mal\u00e1 Strana (Praha 5), 150 00 Prag<br data-start=\"304\" data-end=\"307\" \/>Unter der Registrierungsnummer: 05924413<br data-start=\"347\" data-end=\"350\" \/>Vertreten durch: Michal Chour \u2013 Gesch\u00e4ftsf\u00fchrer<br data-start=\"397\" data-end=\"400\" \/>Firmen-ID: 05924413<br data-start=\"419\" data-end=\"422\" \/>Steuer-ID: CZ05924413<\/p>\n<p style=\"text-align: center\" data-start=\"447\" data-end=\"468\"><strong data-start=\"447\" data-end=\"466\">Bankverbindung:<\/strong><\/p>\n<p style=\"text-align: center\" data-start=\"470\" data-end=\"522\"><strong data-start=\"470\" data-end=\"483\">Bankname:<\/strong><br data-start=\"483\" data-end=\"486\" \/>\u010ceskoslovensk\u00e1 obchodn\u00ed banka a.s.<\/p>\n<p style=\"text-align: center\" data-start=\"524\" data-end=\"643\"><strong data-start=\"524\" data-end=\"552\">Konto f\u00fcr EUR-Zahlungen:<\/strong> 348755770\/0300<br data-start=\"567\" data-end=\"570\" \/>IBAN f\u00fcr EUR-Zahlungen: CZ4003000000000348755690<br data-start=\"618\" data-end=\"621\" \/>SWIFT-Code: CEKOCZPP<\/p>\n<p style=\"text-align: center\" data-start=\"645\" data-end=\"764\"><strong data-start=\"645\" data-end=\"673\">Konto f\u00fcr CZK-Zahlungen:<\/strong> 348755690\/0300<br data-start=\"688\" data-end=\"691\" \/>IBAN f\u00fcr CZK-Zahlungen: CZ1403000000000348755770<br data-start=\"739\" data-end=\"742\" \/>SWIFT-Code: CEKOCZPP<\/p>\n<p style=\"text-align: center\">\n","protected":false},"excerpt":{"rendered":"<p>WWW.KEMPSAZAVA.CZist eine Internet-Domain, die im Eigentum von Kemp S\u00e1zava s.r.o. steht. Kontaktinformationen:Kemp S\u00e1zava s.r.o.mit eingetragener Adresse: Plask\u00e1 614\/10, Mal\u00e1 Strana (Praha 5), 150 00 PragUnter der Registrierungsnummer: 05924413Vertreten durch: Michal Chour \u2013 Gesch\u00e4ftsf\u00fchrerFirmen-ID: 05924413Steuer-ID: CZ05924413 Bankverbindung: Bankname:\u010ceskoslovensk\u00e1 obchodn\u00ed banka a.s. Konto f\u00fcr EUR-Zahlungen: 348755770\/0300IBAN f\u00fcr EUR-Zahlungen: CZ4003000000000348755690SWIFT-Code: CEKOCZPP Konto f\u00fcr CZK-Zahlungen: 348755690\/0300IBAN f\u00fcr CZK-Zahlungen: CZ1403000000000348755770SWIFT-Code: [&hellip;]<\/p>\n","protected":false},"author":7,"featured_media":0,"parent":0,"menu_order":70,"comment_status":"closed","ping_status":"closed","template":"template-privacy.php","meta":{"footnotes":""},"class_list":["post-356","page","type-page","status-publish","hentry"],"yoast_head":"<!-- This site is optimized with the Yoast SEO plugin v27.3 - https:\/\/yoast.com\/product\/yoast-seo-wordpress\/ -->\n<title>Imprint - Kemp S\u00e1zava LP -<\/title>\n<meta name=\"description\" content=\"WWW.KEMPSAZAVA.CZ is an internet domain owned by Kemp S\u00e1zava s.r.o., represented by Michal Chour, executive.\" \/>\n<meta name=\"robots\" content=\"index, follow, max-snippet:-1, max-image-preview:large, max-video-preview:-1\" \/>\n<link rel=\"canonical\" href=\"https:\/\/www.kempsazava.cz\/de\/imprint\/\" \/>\n<meta property=\"og:locale\" content=\"de_DE\" \/>\n<meta property=\"og:type\" content=\"article\" \/>\n<meta property=\"og:title\" content=\"Imprint - Kemp S\u00e1zava LP -\" \/>\n<meta property=\"og:description\" content=\"WWW.KEMPSAZAVA.CZ is an internet domain owned by Kemp S\u00e1zava s.r.o., represented by Michal Chour, executive.\" \/>\n<meta property=\"og:url\" content=\"https:\/\/www.kempsazava.cz\/de\/imprint\/\" \/>\n<meta property=\"og:site_name\" content=\"Kemp S\u00e1zava LP\" \/>\n<meta property=\"article:modified_time\" content=\"2025-09-05T08:40:38+00:00\" \/>\n<meta property=\"og:image\" content=\"https:\/\/www.kempsazava.cz\/wp-content\/uploads\/sites\/181\/2024\/11\/Mobilehouseexterior.jpg\" \/>\n\t<meta property=\"og:image:width\" content=\"1200\" \/>\n\t<meta property=\"og:image:height\" content=\"800\" \/>\n\t<meta property=\"og:image:type\" content=\"image\/jpeg\" \/>\n<meta name=\"twitter:card\" content=\"summary_large_image\" \/>\n<meta name=\"twitter:label1\" content=\"Gesch\u00e4tzte Lesezeit\" \/>\n\t<meta name=\"twitter:data1\" content=\"1 Minute\" \/>\n<script type=\"application\/ld+json\" class=\"yoast-schema-graph\">{\"@context\":\"https:\\\/\\\/schema.org\",\"@graph\":[{\"@type\":\"WebPage\",\"@id\":\"https:\\\/\\\/www.kempsazava.cz\\\/de\\\/imprint\\\/\",\"url\":\"https:\\\/\\\/www.kempsazava.cz\\\/de\\\/imprint\\\/\",\"name\":\"Imprint - Kemp S\u00e1zava LP -\",\"isPartOf\":{\"@id\":\"https:\\\/\\\/www.kempsazava.cz\\\/de\\\/#website\"},\"datePublished\":\"2024-11-08T07:12:56+00:00\",\"dateModified\":\"2025-09-05T08:40:38+00:00\",\"description\":\"WWW.KEMPSAZAVA.CZ is an internet domain owned by Kemp S\u00e1zava s.r.o., represented by Michal Chour, executive.\",\"breadcrumb\":{\"@id\":\"https:\\\/\\\/www.kempsazava.cz\\\/de\\\/imprint\\\/#breadcrumb\"},\"inLanguage\":\"de-DE\",\"potentialAction\":[{\"@type\":\"ReadAction\",\"target\":[\"https:\\\/\\\/www.kempsazava.cz\\\/de\\\/imprint\\\/\"]}]},{\"@type\":\"BreadcrumbList\",\"@id\":\"https:\\\/\\\/www.kempsazava.cz\\\/de\\\/imprint\\\/#breadcrumb\",\"itemListElement\":[{\"@type\":\"ListItem\",\"position\":1,\"name\":\"Home\",\"item\":\"https:\\\/\\\/www.kempsazava.cz\\\/de\\\/\"},{\"@type\":\"ListItem\",\"position\":2,\"name\":\"Imprint\"}]},{\"@type\":\"WebSite\",\"@id\":\"https:\\\/\\\/www.kempsazava.cz\\\/de\\\/#website\",\"url\":\"https:\\\/\\\/www.kempsazava.cz\\\/de\\\/\",\"name\":\"Kemp S\u00e1zava LP\",\"description\":\"\",\"publisher\":{\"@id\":\"https:\\\/\\\/www.kempsazava.cz\\\/de\\\/#organization\"},\"potentialAction\":[{\"@type\":\"SearchAction\",\"target\":{\"@type\":\"EntryPoint\",\"urlTemplate\":\"https:\\\/\\\/www.kempsazava.cz\\\/de\\\/?s={search_term_string}\"},\"query-input\":{\"@type\":\"PropertyValueSpecification\",\"valueRequired\":true,\"valueName\":\"search_term_string\"}}],\"inLanguage\":\"de-DE\"},{\"@type\":\"Organization\",\"@id\":\"https:\\\/\\\/www.kempsazava.cz\\\/de\\\/#organization\",\"name\":\"Kemp S\u00e1zava LP\",\"url\":\"https:\\\/\\\/www.kempsazava.cz\\\/de\\\/\",\"logo\":{\"@type\":\"ImageObject\",\"inLanguage\":\"de-DE\",\"@id\":\"https:\\\/\\\/www.kempsazava.cz\\\/de\\\/#\\\/schema\\\/logo\\\/image\\\/\",\"url\":\"https:\\\/\\\/www.kempsazava.cz\\\/wp-content\\\/uploads\\\/sites\\\/181\\\/2024\\\/11\\\/Logo_Kemp_color-1.png\",\"contentUrl\":\"https:\\\/\\\/www.kempsazava.cz\\\/wp-content\\\/uploads\\\/sites\\\/181\\\/2024\\\/11\\\/Logo_Kemp_color-1.png\",\"width\":498,\"height\":578,\"caption\":\"Kemp S\u00e1zava LP\"},\"image\":{\"@id\":\"https:\\\/\\\/www.kempsazava.cz\\\/de\\\/#\\\/schema\\\/logo\\\/image\\\/\"}}]}<\/script>\n<!-- \/ Yoast SEO plugin. -->","yoast_head_json":{"title":"Imprint - Kemp S\u00e1zava LP -","description":"WWW.KEMPSAZAVA.CZ is an internet domain owned by Kemp S\u00e1zava s.r.o., represented by Michal Chour, executive.","robots":{"index":"index","follow":"follow","max-snippet":"max-snippet:-1","max-image-preview":"max-image-preview:large","max-video-preview":"max-video-preview:-1"},"canonical":"https:\/\/www.kempsazava.cz\/de\/imprint\/","og_locale":"de_DE","og_type":"article","og_title":"Imprint - Kemp S\u00e1zava LP -","og_description":"WWW.KEMPSAZAVA.CZ is an internet domain owned by Kemp S\u00e1zava s.r.o., represented by Michal Chour, executive.","og_url":"https:\/\/www.kempsazava.cz\/de\/imprint\/","og_site_name":"Kemp S\u00e1zava LP","article_modified_time":"2025-09-05T08:40:38+00:00","og_image":[{"width":1200,"height":800,"url":"https:\/\/www.kempsazava.cz\/wp-content\/uploads\/sites\/181\/2024\/11\/Mobilehouseexterior.jpg","type":"image\/jpeg"}],"twitter_card":"summary_large_image","twitter_misc":{"Gesch\u00e4tzte Lesezeit":"1 Minute"},"schema":{"@context":"https:\/\/schema.org","@graph":[{"@type":"WebPage","@id":"https:\/\/www.kempsazava.cz\/de\/imprint\/","url":"https:\/\/www.kempsazava.cz\/de\/imprint\/","name":"Imprint - Kemp S\u00e1zava LP -","isPartOf":{"@id":"https:\/\/www.kempsazava.cz\/de\/#website"},"datePublished":"2024-11-08T07:12:56+00:00","dateModified":"2025-09-05T08:40:38+00:00","description":"WWW.KEMPSAZAVA.CZ is an internet domain owned by Kemp S\u00e1zava s.r.o., represented by Michal Chour, executive.","breadcrumb":{"@id":"https:\/\/www.kempsazava.cz\/de\/imprint\/#breadcrumb"},"inLanguage":"de-DE","potentialAction":[{"@type":"ReadAction","target":["https:\/\/www.kempsazava.cz\/de\/imprint\/"]}]},{"@type":"BreadcrumbList","@id":"https:\/\/www.kempsazava.cz\/de\/imprint\/#breadcrumb","itemListElement":[{"@type":"ListItem","position":1,"name":"Home","item":"https:\/\/www.kempsazava.cz\/de\/"},{"@type":"ListItem","position":2,"name":"Imprint"}]},{"@type":"WebSite","@id":"https:\/\/www.kempsazava.cz\/de\/#website","url":"https:\/\/www.kempsazava.cz\/de\/","name":"Kemp S\u00e1zava LP","description":"","publisher":{"@id":"https:\/\/www.kempsazava.cz\/de\/#organization"},"potentialAction":[{"@type":"SearchAction","target":{"@type":"EntryPoint","urlTemplate":"https:\/\/www.kempsazava.cz\/de\/?s={search_term_string}"},"query-input":{"@type":"PropertyValueSpecification","valueRequired":true,"valueName":"search_term_string"}}],"inLanguage":"de-DE"},{"@type":"Organization","@id":"https:\/\/www.kempsazava.cz\/de\/#organization","name":"Kemp S\u00e1zava LP","url":"https:\/\/www.kempsazava.cz\/de\/","logo":{"@type":"ImageObject","inLanguage":"de-DE","@id":"https:\/\/www.kempsazava.cz\/de\/#\/schema\/logo\/image\/","url":"https:\/\/www.kempsazava.cz\/wp-content\/uploads\/sites\/181\/2024\/11\/Logo_Kemp_color-1.png","contentUrl":"https:\/\/www.kempsazava.cz\/wp-content\/uploads\/sites\/181\/2024\/11\/Logo_Kemp_color-1.png","width":498,"height":578,"caption":"Kemp S\u00e1zava LP"},"image":{"@id":"https:\/\/www.kempsazava.cz\/de\/#\/schema\/logo\/image\/"}}]}},"acf":[],"_links":{"self":[{"href":"https:\/\/www.kempsazava.cz\/de\/wp-json\/wp\/v2\/pages\/356","targetHints":{"allow":["GET"]}}],"collection":[{"href":"https:\/\/www.kempsazava.cz\/de\/wp-json\/wp\/v2\/pages"}],"about":[{"href":"https:\/\/www.kempsazava.cz\/de\/wp-json\/wp\/v2\/types\/page"}],"author":[{"embeddable":true,"href":"https:\/\/www.kempsazava.cz\/de\/wp-json\/wp\/v2\/users\/7"}],"replies":[{"embeddable":true,"href":"https:\/\/www.kempsazava.cz\/de\/wp-json\/wp\/v2\/comments?post=356"}],"version-history":[{"count":0,"href":"https:\/\/www.kempsazava.cz\/de\/wp-json\/wp\/v2\/pages\/356\/revisions"}],"wp:attachment":[{"href":"https:\/\/www.kempsazava.cz\/de\/wp-json\/wp\/v2\/media?parent=356"}],"curies":[{"name":"wp","href":"https:\/\/api.w.org\/{rel}","templated":true}]}}