{"id":357,"date":"2024-11-08T07:11:52","date_gmt":"2024-11-08T07:11:52","guid":{"rendered":"https:\/\/www.kempsazava.cz\/policies\/"},"modified":"2025-09-05T08:45:04","modified_gmt":"2025-09-05T08:45:04","slug":"policies","status":"publish","type":"page","link":"https:\/\/www.kempsazava.cz\/de\/policies\/","title":{"rendered":"DATENSCHUTZERKL\u00c4RUNG"},"content":{"rendered":"<p data-start=\"96\" data-end=\"173\"><strong data-start=\"96\" data-end=\"120\">DATENSCHUTZERKL\u00c4RUNG<\/strong><br data-start=\"120\" data-end=\"123\" \/><strong data-start=\"123\" data-end=\"171\">VERARBEITUNG PERSONENBEZOGENER DATEN [DSGVO]<\/strong><\/p>\n<p data-start=\"175\" data-end=\"618\">Auf Grundlage unserer Handelskooperation (d.\u202fh. durch eine Bestellung im Onlineshop <strong data-start=\"259\" data-end=\"280\"><a class=\"decorated-link\" href=\"http:\/\/www.kempsazava.cz?utm_source=chatgpt.com\" target=\"_new\" rel=\"noopener\" data-start=\"261\" data-end=\"278\">www.kempsazava.cz<\/a><\/strong> oder durch eine Online-Reservierung) oder aufgrund eines pers\u00f6nlichen Treffens erteilen Sie der <strong data-start=\"377\" data-end=\"399\">Kemp S\u00e1zava s.r.o.<\/strong>, eingetragen unter <strong data-start=\"419\" data-end=\"472\">Plask\u00e1 614\/10, Mal\u00e1 Strana (Praha 5), 150 00 Prag<\/strong>, Reg.-Nr. <strong data-start=\"483\" data-end=\"495\">05924413<\/strong> (im Folgenden \u201eKemp S\u00e1zava s.r.o.\u201c), Ihre Zustimmung zur Verarbeitung Ihrer personenbezogenen Daten in folgendem Umfang:<\/p>\n<p data-start=\"620\" data-end=\"847\">Diese Datenschutzerkl\u00e4rung beschreibt, wie <strong data-start=\"663\" data-end=\"685\">Kemp S\u00e1zava s.r.o.<\/strong>, das Hotel-Dienstleistungen unter der Marke <strong data-start=\"730\" data-end=\"749\">S\u00c1ZAVSK\u00dd OSTROV<\/strong> anbietet, Ihre personenbezogenen Daten erhebt, nutzt, konsultiert oder anderweitig verarbeitet.<\/p>\n<p data-start=\"849\" data-end=\"1359\"><strong data-start=\"849\" data-end=\"871\">Kemp S\u00e1zava s.r.o.<\/strong> handelt in \u00dcbereinstimmung mit der <strong data-start=\"907\" data-end=\"935\">Verordnung (EU) 2016\/679<\/strong> des Europ\u00e4ischen Parlaments und des Rates vom 27. April 2016 zum Schutz nat\u00fcrlicher Personen bei der Verarbeitung personenbezogener Daten sowie zur Freiz\u00fcgigkeit solcher Daten (\u201eDSGVO\u201c) und den jeweils geltenden nationalen Datenschutzgesetzen. Bei der Nutzung des Internets verpflichten wir uns zum Schutz Ihrer personenbezogenen Daten gem\u00e4\u00df dem Gesetz Nr. 101\/2000 Coll. zum Schutz personenbezogener Daten und der DSGVO.<\/p>\n<p data-start=\"1361\" data-end=\"1569\">Durch die Nutzung dieser Website oder unserer Dienstleistungen und durch Zustimmung zu dieser Richtlinie stimmen Sie der Erhebung und Nutzung personenbezogener Daten wie in dieser Richtlinie beschrieben zu.<\/p>\n<hr data-start=\"1571\" data-end=\"1574\" \/>\n<h3 data-start=\"1576\" data-end=\"1637\">1. UMFANG DER ZU VERARBEITENDEN PERSONENBEZOGENEN DATEN<\/h3>\n<p data-start=\"1638\" data-end=\"1866\">Ihre personenbezogenen Daten werden von <strong data-start=\"1678\" data-end=\"1700\">Kemp S\u00e1zava s.r.o.<\/strong> im Rahmen der Lieferanten-K\u00e4ufer-Beziehung zwischen Ihnen (K\u00e4ufer) und Kemp S\u00e1zava s.r.o. (Lieferant) erhoben. Insbesondere handelt es sich um die folgenden Daten:<\/p>\n<ol data-start=\"1868\" data-end=\"2889\">\n<li data-start=\"1868\" data-end=\"2035\">\n<p data-start=\"1871\" data-end=\"2035\">Kontaktdaten f\u00fcr Preisangebote oder Reservierungen: Titel, Vorname, Nachname, Adresse, Telefonnummer, E-Mail-Adresse; gem\u00e4\u00df Art. 6 Abs. 1 Buchst. b) und c) DSGVO.<\/p>\n<\/li>\n<li data-start=\"2036\" data-end=\"2185\">\n<p data-start=\"2039\" data-end=\"2185\">Kontaktdaten f\u00fcr Marketingzwecke und Online-Werbung: Vorname, Nachname, E-Mail-Adresse; Art. 6 Abs. 1 Buchst. a) DSGVO (Einwilligung der G\u00e4ste).<\/p>\n<\/li>\n<li data-start=\"2186\" data-end=\"2343\">\n<p data-start=\"2189\" data-end=\"2343\">Pers\u00f6nliche Angaben f\u00fcr Reservierungen: Ausweis- oder Reisepassdaten, Geburtsort und -datum, Staatsangeh\u00f6rigkeit; Art. 6 Abs. 1 Buchst. b) und c) DSGVO.<\/p>\n<\/li>\n<li data-start=\"2344\" data-end=\"2504\">\n<p data-start=\"2347\" data-end=\"2504\">Bankkarteninformationen f\u00fcr Transaktionen und Reservierungen: Kartenart, Kartennummer, Ablaufdatum, Karteninhaber, CVC\/CVV; Art. 6 Abs. 1 Buchst. c) DSGVO.<\/p>\n<\/li>\n<li data-start=\"2505\" data-end=\"2563\">\n<p data-start=\"2508\" data-end=\"2563\">An- und Abreisedaten; Art. 6 Abs. 1 Buchst. b) DSGVO.<\/p>\n<\/li>\n<li data-start=\"2564\" data-end=\"2672\">\n<p data-start=\"2567\" data-end=\"2672\">Visanummer und Registrierungsnachweis f\u00fcr Nicht-EU-\/Nicht-EEA-Bewohner; Art. 6 Abs. 1 Buchst. b) DSGVO.<\/p>\n<\/li>\n<li data-start=\"2673\" data-end=\"2889\">\n<p data-start=\"2676\" data-end=\"2889\">Technische und Standortdaten, die beim Besuch unserer Website oder Nutzung der Apps entstehen (z.\u202fB. IP-Adresse, Cookies, Start- und Endzeit der Nutzung); Art. 6 Abs. 1 Buchst. a) DSGVO (Einwilligung der G\u00e4ste).<\/p>\n<\/li>\n<\/ol>\n<hr data-start=\"2891\" data-end=\"2894\" \/>\n<h3 data-start=\"2896\" data-end=\"2951\">2. ZWECK DER VERARBEITUNG PERSONENBEZOGENER DATEN<\/h3>\n<p data-start=\"2952\" data-end=\"3005\">Ihre Daten werden zu folgenden Zwecken verarbeitet:<\/p>\n<ol data-start=\"3007\" data-end=\"3509\">\n<li data-start=\"3007\" data-end=\"3163\">\n<p data-start=\"3010\" data-end=\"3163\">Marketingzwecke von Kemp S\u00e1zava s.r.o., z.\u202fB. Versand von Newslettern oder E-Mail-Kommunikation \u00fcber Veranstaltungen, Dienstleistungen und Aktivit\u00e4ten.<\/p>\n<\/li>\n<li data-start=\"3164\" data-end=\"3233\">\n<p data-start=\"3167\" data-end=\"3233\">Abwicklung von Transaktionen \u00fcber <strong data-start=\"3201\" data-end=\"3230\"><a class=\"decorated-link\" href=\"http:\/\/www.allurehotelprague.com?utm_source=chatgpt.com\" target=\"_new\" rel=\"noopener\" data-start=\"3203\" data-end=\"3228\">www.allurehotelprague.com<\/a><\/strong>.<\/p>\n<\/li>\n<li data-start=\"3234\" data-end=\"3322\">\n<p data-start=\"3237\" data-end=\"3322\">Online-Reservierungen in Restaurants, Bars oder andere Bestellungen\/Reservierungen.<\/p>\n<\/li>\n<li data-start=\"3323\" data-end=\"3424\">\n<p data-start=\"3326\" data-end=\"3424\">Schutz berechtigter Interessen, z.\u202fB. rechtliche Anspr\u00fcche, Schutz von Eigentum oder Sicherheit.<\/p>\n<\/li>\n<li data-start=\"3425\" data-end=\"3463\">\n<p data-start=\"3428\" data-end=\"3463\">Vertragserf\u00fcllung mit dem Kunden.<\/p>\n<\/li>\n<li data-start=\"3464\" data-end=\"3509\">\n<p data-start=\"3467\" data-end=\"3509\">Einhaltung gesetzlicher Verpflichtungen.<\/p>\n<\/li>\n<\/ol>\n<hr data-start=\"3511\" data-end=\"3514\" \/>\n<h3 data-start=\"3516\" data-end=\"3559\">3. VERARBEITUNGSPERSONEN UND METHODEN<\/h3>\n<p data-start=\"3560\" data-end=\"3788\"><strong data-start=\"3560\" data-end=\"3582\">Kemp S\u00e1zava s.r.o.<\/strong> verarbeitet die Daten als Verantwortlicher manuell und elektronisch, auch \u00fcber automatisierte Systeme, durch eigene Mitarbeiter oder Auftragsverarbeiter, die vertraglich an den Datenschutz gebunden sind.<\/p>\n<p data-start=\"3790\" data-end=\"3966\">Daten k\u00f6nnen an Dienstleister weitergegeben werden, z.\u202fB. f\u00fcr Rezeption, Spa oder Essenslieferungen. Alle Dienstleister sind verpflichtet, die Daten vertraulich zu behandeln.<\/p>\n<p data-start=\"3968\" data-end=\"4100\">Beh\u00f6rden oder Strafverfolgungsbeh\u00f6rden erhalten Daten nur, soweit gesetzlich erforderlich oder zum Schutz berechtigter Interessen.<\/p>\n<hr data-start=\"4102\" data-end=\"4105\" \/>\n<h3 data-start=\"4107\" data-end=\"4138\">4. DAUER DER EINWILLIGUNG<\/h3>\n<ul data-start=\"4139\" data-end=\"4338\">\n<li data-start=\"4139\" data-end=\"4203\">\n<p data-start=\"4141\" data-end=\"4203\"><strong data-start=\"4141\" data-end=\"4165\">Online-Bestellungen:<\/strong> maximal 15 Monate nach Ausstellung.<\/p>\n<\/li>\n<li data-start=\"4204\" data-end=\"4271\">\n<p data-start=\"4206\" data-end=\"4271\"><strong data-start=\"4206\" data-end=\"4225\">Reservierungen:<\/strong> vom Eintrag bis Abschluss der Reservierung.<\/p>\n<\/li>\n<li data-start=\"4272\" data-end=\"4338\">\n<p data-start=\"4274\" data-end=\"4338\"><strong data-start=\"4274\" data-end=\"4289\">Newsletter:<\/strong> unbefristet bis Widerruf \u00fcber den Abmeldelink.<\/p>\n<\/li>\n<\/ul>\n<hr data-start=\"4340\" data-end=\"4343\" \/>\n<h3 data-start=\"4345\" data-end=\"4398\">5. FREIWILLIGKEIT UND WIDERRUF DER EINWILLIGUNG<\/h3>\n<p data-start=\"4399\" data-end=\"4481\">Die Einwilligung ist freiwillig und kann jederzeit per E-Mail widerrufen werden.<\/p>\n<hr data-start=\"4483\" data-end=\"4486\" \/>\n<h3 data-start=\"4488\" data-end=\"4526\">6. RECHTE DER BETROFFENEN PERSON<\/h3>\n<p data-start=\"4527\" data-end=\"4559\">Sie haben u.\u202fa. das Recht auf:<\/p>\n<ul data-start=\"4561\" data-end=\"4922\">\n<li data-start=\"4561\" data-end=\"4622\">\n<p data-start=\"4563\" data-end=\"4622\">Zugriff auf Ihre Daten und Kopie der verarbeiteten Daten.<\/p>\n<\/li>\n<li data-start=\"4623\" data-end=\"4653\">\n<p data-start=\"4625\" data-end=\"4653\">Widerruf der Einwilligung.<\/p>\n<\/li>\n<li data-start=\"4654\" data-end=\"4709\">\n<p data-start=\"4656\" data-end=\"4709\">L\u00f6schung Ihrer Daten (\u201eRecht auf Vergessenwerden\u201c).<\/p>\n<\/li>\n<li data-start=\"4710\" data-end=\"4770\">\n<p data-start=\"4712\" data-end=\"4770\">\u00dcbertragung der Daten an einen anderen Verantwortlichen.<\/p>\n<\/li>\n<li data-start=\"4771\" data-end=\"4809\">\n<p data-start=\"4773\" data-end=\"4809\">Widerspruch gegen Direktmarketing.<\/p>\n<\/li>\n<li data-start=\"4810\" data-end=\"4881\">\n<p data-start=\"4812\" data-end=\"4881\">Korrektur, Sperrung oder L\u00f6schung unrechtm\u00e4\u00dfig verarbeiteter Daten.<\/p>\n<\/li>\n<li data-start=\"4882\" data-end=\"4922\">\n<p data-start=\"4884\" data-end=\"4922\">Beschwerde bei der Aufsichtsbeh\u00f6rde.<\/p>\n<\/li>\n<\/ul>\n<hr data-start=\"4924\" data-end=\"4927\" \/>\n<h3 data-start=\"4929\" data-end=\"4964\">7. KOMMERZIELLE KOMMUNIKATION<\/h3>\n<p data-start=\"4965\" data-end=\"5067\">Einwilligung zur Zusendung von Werbung \u00fcber elektronische Kan\u00e4le gem\u00e4\u00df \u00a7 7 Gesetz Nr. 480\/2004 Coll.<\/p>\n<hr data-start=\"5069\" data-end=\"5072\" \/>\n<h3 data-start=\"5074\" data-end=\"5098\">COOKIES-RICHTLINIE<\/h3>\n<ol data-start=\"5100\" data-end=\"5377\">\n<li data-start=\"5100\" data-end=\"5349\">\n<p data-start=\"5103\" data-end=\"5349\"><strong data-start=\"5103\" data-end=\"5132\">COOKIES UND LOCAL STORAGE<\/strong><br data-start=\"5132\" data-end=\"5135\" \/>Durch die Nutzung der Website stimmen Sie der Verwendung von Cookies und Local Storage zu. Cookies sind kleine Dateien, die Informationen auf Ihrem Ger\u00e4t speichern, z.\u202fB. Benutzerpr\u00e4ferenzen oder Wiedererkennung.<\/p>\n<\/li>\n<li data-start=\"5351\" data-end=\"5377\">\n<p data-start=\"5354\" data-end=\"5377\"><strong data-start=\"5354\" data-end=\"5375\">ARTEN VON COOKIES<\/strong><\/p>\n<\/li>\n<\/ol>\n<ul data-start=\"5378\" data-end=\"5768\">\n<li data-start=\"5378\" data-end=\"5443\">\n<p data-start=\"5380\" data-end=\"5443\"><strong data-start=\"5380\" data-end=\"5403\">Technische Cookies:<\/strong> notwendig f\u00fcr Website-Funktionalit\u00e4t.<\/p>\n<\/li>\n<li data-start=\"5444\" data-end=\"5499\">\n<p data-start=\"5446\" data-end=\"5499\"><strong data-start=\"5446\" data-end=\"5468\">Anpassungscookies:<\/strong> speichern Nutzerpr\u00e4ferenzen.<\/p>\n<\/li>\n<li data-start=\"5500\" data-end=\"5560\">\n<p data-start=\"5502\" data-end=\"5560\"><strong data-start=\"5502\" data-end=\"5522\">Analyse-Cookies:<\/strong> erfassen Interaktionen und Besuche.<\/p>\n<\/li>\n<li data-start=\"5561\" data-end=\"5628\">\n<p data-start=\"5563\" data-end=\"5628\"><strong data-start=\"5563\" data-end=\"5581\">Werbe-Cookies:<\/strong> steuern Inhalte und H\u00e4ufigkeit von Anzeigen.<\/p>\n<\/li>\n<li data-start=\"5629\" data-end=\"5709\">\n<p data-start=\"5631\" data-end=\"5709\"><strong data-start=\"5631\" data-end=\"5654\">Behavioral Cookies:<\/strong> erstellen Nutzerprofile zur zielgerichteten Werbung.<\/p>\n<\/li>\n<li data-start=\"5710\" data-end=\"5768\">\n<p data-start=\"5712\" data-end=\"5768\"><strong data-start=\"5712\" data-end=\"5731\">Social-Cookies:<\/strong> Anmeldung bei sozialen Netzwerken.<\/p>\n<\/li>\n<\/ul>\n<ol start=\"3\" data-start=\"5770\" data-end=\"5792\">\n<li data-start=\"5770\" data-end=\"5792\">\n<p data-start=\"5773\" data-end=\"5792\"><strong data-start=\"5773\" data-end=\"5790\">LOCAL STORAGE<\/strong><\/p>\n<\/li>\n<\/ol>\n<ul data-start=\"5793\" data-end=\"5933\">\n<li data-start=\"5793\" data-end=\"5864\">\n<p data-start=\"5795\" data-end=\"5864\">Browser Storage, Flash Local Storage, Silverlight Isolated Storage.<\/p>\n<\/li>\n<li data-start=\"5865\" data-end=\"5933\">\n<p data-start=\"5867\" data-end=\"5933\">Web Beacons: kleine oder transparente Bilder zur Nachverfolgung.<\/p>\n<\/li>\n<\/ul>\n<ol start=\"4\" data-start=\"5935\" data-end=\"5970\">\n<li data-start=\"5935\" data-end=\"5970\">\n<p data-start=\"5938\" data-end=\"5970\"><strong data-start=\"5938\" data-end=\"5968\">COOKIES VON DRITTANBIETERN<\/strong><\/p>\n<\/li>\n<\/ol>\n<ul data-start=\"5971\" data-end=\"6155\">\n<li data-start=\"5971\" data-end=\"6022\">\n<p data-start=\"5973\" data-end=\"6022\">Google Analytics, Google Maps, Videos, Werbung.<\/p>\n<\/li>\n<li data-start=\"6023\" data-end=\"6155\">\n<p data-start=\"6025\" data-end=\"6155\">reCAPTCHA v3 gem\u00e4\u00df Google Privacy Policy: <a class=\"decorated-link cursor-pointer\" target=\"_new\" rel=\"noopener\" data-start=\"6067\" data-end=\"6153\">https:\/\/policies.google.com\/privacy?hl=de<\/a><\/p>\n<\/li>\n<\/ul>\n<ol start=\"5\" data-start=\"6157\" data-end=\"6197\">\n<li data-start=\"6157\" data-end=\"6197\">\n<p data-start=\"6160\" data-end=\"6197\"><strong data-start=\"6160\" data-end=\"6195\">COOKIES VON SOZIALEN NETZWERKEN<\/strong><\/p>\n<\/li>\n<\/ol>\n<ul data-start=\"6198\" data-end=\"6300\">\n<li data-start=\"6198\" data-end=\"6300\">\n<p data-start=\"6200\" data-end=\"6300\">Facebook, Twitter, Instagram: Nutzung f\u00fcr Analyse, Authentifizierung, Tracking, Werbung, Standort.<\/p>\n<\/li>\n<\/ul>\n<ol start=\"6\" data-start=\"6302\" data-end=\"6327\">\n<li data-start=\"6302\" data-end=\"6327\">\n<p data-start=\"6305\" data-end=\"6327\"><strong data-start=\"6305\" data-end=\"6325\">PRIVATE BROWSING<\/strong><\/p>\n<\/li>\n<\/ol>\n<ul data-start=\"6328\" data-end=\"6411\">\n<li data-start=\"6328\" data-end=\"6411\">\n<p data-start=\"6330\" data-end=\"6411\">Empfohlen f\u00fcr erh\u00f6hte Privatsph\u00e4re; Infos auf Hilfeseiten der g\u00e4ngigen Browser.<\/p>\n<\/li>\n<\/ul>\n<ol start=\"7\" data-start=\"6413\" data-end=\"6457\">\n<li data-start=\"6413\" data-end=\"6457\">\n<p data-start=\"6416\" data-end=\"6457\"><strong data-start=\"6416\" data-end=\"6455\">COOKIES ENTFERNEN ODER DEAKTIVIEREN<\/strong><\/p>\n<\/li>\n<\/ol>\n<ul data-start=\"6458\" data-end=\"6532\">\n<li data-start=\"6458\" data-end=\"6532\">\n<p data-start=\"6460\" data-end=\"6532\">Browser-Hilfe oder Online-Supportseiten der jeweiligen Browser nutzen.<\/p>\n<\/li>\n<\/ul>\n<hr data-start=\"6534\" data-end=\"6537\" \/>\n<p data-start=\"6539\" data-end=\"6821\"><strong data-start=\"6539\" data-end=\"6551\">Hinweis:<\/strong> <strong data-start=\"6552\" data-end=\"6574\">Kemp S\u00e1zava s.r.o.<\/strong> kann diese Richtlinie jederzeit \u00e4ndern. \u00c4nderungen treten mit Ver\u00f6ffentlichung der aktualisierten Datenschutzerkl\u00e4rung auf der Website in Kraft. Nutzung der Website oder Dienstleistungen nach \u00c4nderungen gilt als Zustimmung zur neuen Richtlinie.<\/p>\n<p data-start=\"6823\" data-end=\"6859\"><em data-start=\"6823\" data-end=\"6857\">Zuletzt aktualisiert: 22.11.2024<\/em><\/p>\n","protected":false},"excerpt":{"rendered":"<p>DATENSCHUTZERKL\u00c4RUNGVERARBEITUNG PERSONENBEZOGENER DATEN [DSGVO] Auf Grundlage unserer Handelskooperation (d.\u202fh. durch eine Bestellung im Onlineshop www.kempsazava.cz oder durch eine Online-Reservierung) oder aufgrund eines pers\u00f6nlichen Treffens erteilen Sie der Kemp S\u00e1zava s.r.o., eingetragen unter Plask\u00e1 614\/10, Mal\u00e1 Strana (Praha 5), 150 00 Prag, Reg.-Nr. 05924413 (im Folgenden \u201eKemp S\u00e1zava s.r.o.\u201c), Ihre Zustimmung zur Verarbeitung Ihrer personenbezogenen Daten [&hellip;]<\/p>\n","protected":false},"author":7,"featured_media":0,"parent":0,"menu_order":80,"comment_status":"closed","ping_status":"closed","template":"template-privacy.php","meta":{"footnotes":""},"class_list":["post-357","page","type-page","status-publish","hentry"],"yoast_head":"<!-- This site is optimized with the Yoast SEO plugin v27.3 - https:\/\/yoast.com\/product\/yoast-seo-wordpress\/ -->\n<title>DATENSCHUTZERKL\u00c4RUNG - Kemp S\u00e1zava LP -<\/title>\n<meta name=\"description\" content=\"PRIVACY POLICYTHE PROCESSING OF PERSONAL DATA [GDPR]\" \/>\n<meta name=\"robots\" content=\"index, follow, max-snippet:-1, max-image-preview:large, max-video-preview:-1\" \/>\n<link rel=\"canonical\" href=\"https:\/\/www.kempsazava.cz\/de\/policies\/\" \/>\n<meta property=\"og:locale\" content=\"de_DE\" \/>\n<meta property=\"og:type\" content=\"article\" \/>\n<meta property=\"og:title\" content=\"DATENSCHUTZERKL\u00c4RUNG - Kemp S\u00e1zava LP -\" \/>\n<meta property=\"og:description\" content=\"PRIVACY POLICYTHE PROCESSING OF PERSONAL DATA [GDPR]\" \/>\n<meta property=\"og:url\" content=\"https:\/\/www.kempsazava.cz\/de\/policies\/\" \/>\n<meta property=\"og:site_name\" content=\"Kemp S\u00e1zava LP\" \/>\n<meta property=\"article:modified_time\" content=\"2025-09-05T08:45:04+00:00\" \/>\n<meta property=\"og:image\" content=\"https:\/\/www.kempsazava.cz\/wp-content\/uploads\/sites\/181\/2024\/11\/Mobilehouseexterior.jpg\" \/>\n\t<meta property=\"og:image:width\" content=\"1200\" \/>\n\t<meta property=\"og:image:height\" content=\"800\" \/>\n\t<meta property=\"og:image:type\" content=\"image\/jpeg\" \/>\n<meta name=\"twitter:card\" content=\"summary_large_image\" \/>\n<meta name=\"twitter:label1\" content=\"Gesch\u00e4tzte Lesezeit\" \/>\n\t<meta name=\"twitter:data1\" content=\"4 Minuten\" \/>\n<script type=\"application\/ld+json\" class=\"yoast-schema-graph\">{\"@context\":\"https:\\\/\\\/schema.org\",\"@graph\":[{\"@type\":\"WebPage\",\"@id\":\"https:\\\/\\\/www.kempsazava.cz\\\/de\\\/policies\\\/\",\"url\":\"https:\\\/\\\/www.kempsazava.cz\\\/de\\\/policies\\\/\",\"name\":\"DATENSCHUTZERKL\u00c4RUNG - Kemp S\u00e1zava LP -\",\"isPartOf\":{\"@id\":\"https:\\\/\\\/www.kempsazava.cz\\\/de\\\/#website\"},\"datePublished\":\"2024-11-08T07:11:52+00:00\",\"dateModified\":\"2025-09-05T08:45:04+00:00\",\"description\":\"PRIVACY POLICYTHE PROCESSING OF PERSONAL DATA [GDPR]\",\"breadcrumb\":{\"@id\":\"https:\\\/\\\/www.kempsazava.cz\\\/de\\\/policies\\\/#breadcrumb\"},\"inLanguage\":\"de-DE\",\"potentialAction\":[{\"@type\":\"ReadAction\",\"target\":[\"https:\\\/\\\/www.kempsazava.cz\\\/de\\\/policies\\\/\"]}]},{\"@type\":\"BreadcrumbList\",\"@id\":\"https:\\\/\\\/www.kempsazava.cz\\\/de\\\/policies\\\/#breadcrumb\",\"itemListElement\":[{\"@type\":\"ListItem\",\"position\":1,\"name\":\"Home\",\"item\":\"https:\\\/\\\/www.kempsazava.cz\\\/de\\\/\"},{\"@type\":\"ListItem\",\"position\":2,\"name\":\"DATENSCHUTZERKL\u00c4RUNG\"}]},{\"@type\":\"WebSite\",\"@id\":\"https:\\\/\\\/www.kempsazava.cz\\\/de\\\/#website\",\"url\":\"https:\\\/\\\/www.kempsazava.cz\\\/de\\\/\",\"name\":\"Kemp S\u00e1zava LP\",\"description\":\"\",\"publisher\":{\"@id\":\"https:\\\/\\\/www.kempsazava.cz\\\/de\\\/#organization\"},\"potentialAction\":[{\"@type\":\"SearchAction\",\"target\":{\"@type\":\"EntryPoint\",\"urlTemplate\":\"https:\\\/\\\/www.kempsazava.cz\\\/de\\\/?s={search_term_string}\"},\"query-input\":{\"@type\":\"PropertyValueSpecification\",\"valueRequired\":true,\"valueName\":\"search_term_string\"}}],\"inLanguage\":\"de-DE\"},{\"@type\":\"Organization\",\"@id\":\"https:\\\/\\\/www.kempsazava.cz\\\/de\\\/#organization\",\"name\":\"Kemp S\u00e1zava LP\",\"url\":\"https:\\\/\\\/www.kempsazava.cz\\\/de\\\/\",\"logo\":{\"@type\":\"ImageObject\",\"inLanguage\":\"de-DE\",\"@id\":\"https:\\\/\\\/www.kempsazava.cz\\\/de\\\/#\\\/schema\\\/logo\\\/image\\\/\",\"url\":\"https:\\\/\\\/www.kempsazava.cz\\\/wp-content\\\/uploads\\\/sites\\\/181\\\/2024\\\/11\\\/Logo_Kemp_color-1.png\",\"contentUrl\":\"https:\\\/\\\/www.kempsazava.cz\\\/wp-content\\\/uploads\\\/sites\\\/181\\\/2024\\\/11\\\/Logo_Kemp_color-1.png\",\"width\":498,\"height\":578,\"caption\":\"Kemp S\u00e1zava LP\"},\"image\":{\"@id\":\"https:\\\/\\\/www.kempsazava.cz\\\/de\\\/#\\\/schema\\\/logo\\\/image\\\/\"}}]}<\/script>\n<!-- \/ Yoast SEO plugin. -->","yoast_head_json":{"title":"DATENSCHUTZERKL\u00c4RUNG - Kemp S\u00e1zava LP -","description":"PRIVACY POLICYTHE PROCESSING OF PERSONAL DATA [GDPR]","robots":{"index":"index","follow":"follow","max-snippet":"max-snippet:-1","max-image-preview":"max-image-preview:large","max-video-preview":"max-video-preview:-1"},"canonical":"https:\/\/www.kempsazava.cz\/de\/policies\/","og_locale":"de_DE","og_type":"article","og_title":"DATENSCHUTZERKL\u00c4RUNG - Kemp S\u00e1zava LP -","og_description":"PRIVACY POLICYTHE PROCESSING OF PERSONAL DATA [GDPR]","og_url":"https:\/\/www.kempsazava.cz\/de\/policies\/","og_site_name":"Kemp S\u00e1zava LP","article_modified_time":"2025-09-05T08:45:04+00:00","og_image":[{"width":1200,"height":800,"url":"https:\/\/www.kempsazava.cz\/wp-content\/uploads\/sites\/181\/2024\/11\/Mobilehouseexterior.jpg","type":"image\/jpeg"}],"twitter_card":"summary_large_image","twitter_misc":{"Gesch\u00e4tzte Lesezeit":"4 Minuten"},"schema":{"@context":"https:\/\/schema.org","@graph":[{"@type":"WebPage","@id":"https:\/\/www.kempsazava.cz\/de\/policies\/","url":"https:\/\/www.kempsazava.cz\/de\/policies\/","name":"DATENSCHUTZERKL\u00c4RUNG - Kemp S\u00e1zava LP -","isPartOf":{"@id":"https:\/\/www.kempsazava.cz\/de\/#website"},"datePublished":"2024-11-08T07:11:52+00:00","dateModified":"2025-09-05T08:45:04+00:00","description":"PRIVACY POLICYTHE PROCESSING OF PERSONAL DATA [GDPR]","breadcrumb":{"@id":"https:\/\/www.kempsazava.cz\/de\/policies\/#breadcrumb"},"inLanguage":"de-DE","potentialAction":[{"@type":"ReadAction","target":["https:\/\/www.kempsazava.cz\/de\/policies\/"]}]},{"@type":"BreadcrumbList","@id":"https:\/\/www.kempsazava.cz\/de\/policies\/#breadcrumb","itemListElement":[{"@type":"ListItem","position":1,"name":"Home","item":"https:\/\/www.kempsazava.cz\/de\/"},{"@type":"ListItem","position":2,"name":"DATENSCHUTZERKL\u00c4RUNG"}]},{"@type":"WebSite","@id":"https:\/\/www.kempsazava.cz\/de\/#website","url":"https:\/\/www.kempsazava.cz\/de\/","name":"Kemp S\u00e1zava LP","description":"","publisher":{"@id":"https:\/\/www.kempsazava.cz\/de\/#organization"},"potentialAction":[{"@type":"SearchAction","target":{"@type":"EntryPoint","urlTemplate":"https:\/\/www.kempsazava.cz\/de\/?s={search_term_string}"},"query-input":{"@type":"PropertyValueSpecification","valueRequired":true,"valueName":"search_term_string"}}],"inLanguage":"de-DE"},{"@type":"Organization","@id":"https:\/\/www.kempsazava.cz\/de\/#organization","name":"Kemp S\u00e1zava LP","url":"https:\/\/www.kempsazava.cz\/de\/","logo":{"@type":"ImageObject","inLanguage":"de-DE","@id":"https:\/\/www.kempsazava.cz\/de\/#\/schema\/logo\/image\/","url":"https:\/\/www.kempsazava.cz\/wp-content\/uploads\/sites\/181\/2024\/11\/Logo_Kemp_color-1.png","contentUrl":"https:\/\/www.kempsazava.cz\/wp-content\/uploads\/sites\/181\/2024\/11\/Logo_Kemp_color-1.png","width":498,"height":578,"caption":"Kemp S\u00e1zava LP"},"image":{"@id":"https:\/\/www.kempsazava.cz\/de\/#\/schema\/logo\/image\/"}}]}},"acf":[],"_links":{"self":[{"href":"https:\/\/www.kempsazava.cz\/de\/wp-json\/wp\/v2\/pages\/357","targetHints":{"allow":["GET"]}}],"collection":[{"href":"https:\/\/www.kempsazava.cz\/de\/wp-json\/wp\/v2\/pages"}],"about":[{"href":"https:\/\/www.kempsazava.cz\/de\/wp-json\/wp\/v2\/types\/page"}],"author":[{"embeddable":true,"href":"https:\/\/www.kempsazava.cz\/de\/wp-json\/wp\/v2\/users\/7"}],"replies":[{"embeddable":true,"href":"https:\/\/www.kempsazava.cz\/de\/wp-json\/wp\/v2\/comments?post=357"}],"version-history":[{"count":0,"href":"https:\/\/www.kempsazava.cz\/de\/wp-json\/wp\/v2\/pages\/357\/revisions"}],"wp:attachment":[{"href":"https:\/\/www.kempsazava.cz\/de\/wp-json\/wp\/v2\/media?parent=357"}],"curies":[{"name":"wp","href":"https:\/\/api.w.org\/{rel}","templated":true}]}}