{"id":4,"date":"2024-11-05T13:03:38","date_gmt":"2024-11-05T13:03:38","guid":{"rendered":"https:\/\/kemp-sazava-lp.ms2.decms.eu\/?page_id=4"},"modified":"2026-04-02T13:11:57","modified_gmt":"2026-04-02T13:11:57","slug":"kemp-sazava","status":"publish","type":"page","link":"https:\/\/www.kempsazava.cz\/en\/","title":{"rendered":"Kemp S\u00e1zava"},"content":{"rendered":"<p style=\"text-align: center\">S\u00e1zavsk\u00fd Ostrov Camp is a popular holiday resort set in the picturesque Pos\u00e1zav\u00ed region \u2013 the perfect choice for family vacations, group stays, or an active weekend getaway. We offer a variety of accommodation options by the S\u00e1zava River, ranging from tent and caravan pitches to comfortable mobile homes and apartments. Our campsite is an ideal destination for nature lovers, paddlers, cyclists, anglers, families with children, and groups seeking a great setting for team-building. Paddlers will appreciate the easy access to the S\u00e1zava River, with canoe and kayak rentals available. Meanwhile, fishing enthusiasts can enjoy excellent conditions for peaceful angling right by the water.<\/p>\n<p style=\"text-align: center\">Around S\u00e1zavsk\u00fd Ostrov, you\u2019ll find amazing cycling and hiking trails suitable for both families and athletes. Don\u2019t miss a visit to the historic S\u00e1zava Monastery. More tips can be found in the &#8220;Trips in the Area&#8221; section on our website.<\/p>\n<p style=\"text-align: center\">The camp is easily accessible by car, train, or bus. Throughout the resort, you can pay by card or in cash (except at the riverside kiosk). A minimarket with basic groceries is within walking distance. There\u2019s an ATM in the town square, about 800 meters from the camp.<\/p>\n","protected":false},"excerpt":{"rendered":"<p>S\u00e1zavsk\u00fd Ostrov Camp is a popular holiday resort set in the picturesque Pos\u00e1zav\u00ed region \u2013 the perfect choice for family vacations, group stays, or an active weekend getaway. We offer a variety of accommodation options by the S\u00e1zava River, ranging from tent and caravan pitches to comfortable mobile homes and apartments. Our campsite is an [&hellip;]<\/p>\n","protected":false},"author":7,"featured_media":0,"parent":0,"menu_order":0,"comment_status":"closed","ping_status":"closed","template":"","meta":{"footnotes":""},"yoast_head":"<!-- This site is optimized with the Yoast SEO plugin v22.3 - https:\/\/yoast.com\/wordpress\/plugins\/seo\/ -->\n<title>Kemp S\u00e1zava - nestled in the heart of Pos\u00e1zav\u00ed\u2019s natural beauty<\/title>\n<meta name=\"description\" content=\"The S\u00e1zavsk\u00fd Ostrov recreational area is the perfect place to relax. It offers ideal accommodation &amp; dining options close to the nature.\" \/>\n<meta name=\"robots\" content=\"index, follow, max-snippet:-1, max-image-preview:large, max-video-preview:-1\" \/>\n<link rel=\"canonical\" href=\"https:\/\/www.kempsazava.cz\/en\/\" \/>\n<meta property=\"og:locale\" content=\"en_US\" \/>\n<meta property=\"og:type\" content=\"article\" \/>\n<meta property=\"og:title\" content=\"Kemp S\u00e1zava - nestled in the heart of Pos\u00e1zav\u00ed\u2019s natural beauty\" \/>\n<meta property=\"og:description\" content=\"The S\u00e1zavsk\u00fd Ostrov recreational area is the perfect place to relax. It offers ideal accommodation &amp; dining options close to the nature.\" \/>\n<meta property=\"og:url\" content=\"https:\/\/www.kempsazava.cz\/en\/\" \/>\n<meta property=\"og:site_name\" content=\"Kemp S\u00e1zava LP\" \/>\n<meta property=\"article:modified_time\" content=\"2026-04-02T13:11:57+00:00\" \/>\n<meta property=\"og:image\" content=\"https:\/\/www.kempsazava.cz\/wp-content\/uploads\/sites\/181\/2024\/11\/Mobilehouseexterior.jpg\" \/>\n\t<meta property=\"og:image:width\" content=\"1200\" \/>\n\t<meta property=\"og:image:height\" content=\"800\" \/>\n\t<meta property=\"og:image:type\" content=\"image\/jpeg\" \/>\n<meta name=\"twitter:card\" content=\"summary_large_image\" \/>\n<meta name=\"twitter:label1\" content=\"Est. reading time\" \/>\n\t<meta name=\"twitter:data1\" content=\"1 minute\" \/>\n<script type=\"application\/ld+json\" class=\"yoast-schema-graph\">{\"@context\":\"https:\/\/schema.org\",\"@graph\":[{\"@type\":\"WebPage\",\"@id\":\"https:\/\/www.kempsazava.cz\/en\/\",\"url\":\"https:\/\/www.kempsazava.cz\/en\/\",\"name\":\"Kemp S\u00e1zava - nestled in the heart of Pos\u00e1zav\u00ed\u2019s natural beauty\",\"isPartOf\":{\"@id\":\"https:\/\/www.kempsazava.cz\/en\/#website\"},\"datePublished\":\"2024-11-05T13:03:38+00:00\",\"dateModified\":\"2026-04-02T13:11:57+00:00\",\"description\":\"The S\u00e1zavsk\u00fd Ostrov recreational area is the perfect place to relax. It offers ideal accommodation & dining options close to the nature.\",\"breadcrumb\":{\"@id\":\"https:\/\/www.kempsazava.cz\/en\/#breadcrumb\"},\"inLanguage\":\"en-US\",\"potentialAction\":[{\"@type\":\"ReadAction\",\"target\":[\"https:\/\/www.kempsazava.cz\/en\/\"]}]},{\"@type\":\"BreadcrumbList\",\"@id\":\"https:\/\/www.kempsazava.cz\/en\/#breadcrumb\",\"itemListElement\":[{\"@type\":\"ListItem\",\"position\":1,\"name\":\"Home\",\"item\":\"https:\/\/www.kempsazava.cz\/en\/\"},{\"@type\":\"ListItem\",\"position\":2,\"name\":\"Kemp S\u00e1zava\"}]},{\"@type\":\"WebSite\",\"@id\":\"https:\/\/www.kempsazava.cz\/en\/#website\",\"url\":\"https:\/\/www.kempsazava.cz\/en\/\",\"name\":\"Kemp S\u00e1zava LP\",\"description\":\"\",\"publisher\":{\"@id\":\"https:\/\/www.kempsazava.cz\/en\/#organization\"},\"potentialAction\":[{\"@type\":\"SearchAction\",\"target\":{\"@type\":\"EntryPoint\",\"urlTemplate\":\"https:\/\/www.kempsazava.cz\/en\/?s={search_term_string}\"},\"query-input\":\"required name=search_term_string\"}],\"inLanguage\":\"en-US\"},{\"@type\":\"Organization\",\"@id\":\"https:\/\/www.kempsazava.cz\/en\/#organization\",\"name\":\"Kemp S\u00e1zava LP\",\"url\":\"https:\/\/www.kempsazava.cz\/en\/\",\"logo\":{\"@type\":\"ImageObject\",\"inLanguage\":\"en-US\",\"@id\":\"https:\/\/www.kempsazava.cz\/en\/#\/schema\/logo\/image\/\",\"url\":\"https:\/\/www.kempsazava.cz\/wp-content\/uploads\/sites\/181\/2024\/11\/Logo_Kemp_color-1.png\",\"contentUrl\":\"https:\/\/www.kempsazava.cz\/wp-content\/uploads\/sites\/181\/2024\/11\/Logo_Kemp_color-1.png\",\"width\":498,\"height\":578,\"caption\":\"Kemp S\u00e1zava LP\"},\"image\":{\"@id\":\"https:\/\/www.kempsazava.cz\/en\/#\/schema\/logo\/image\/\"}}]}<\/script>\n<!-- \/ Yoast SEO plugin. -->","yoast_head_json":{"title":"Kemp S\u00e1zava - nestled in the heart of Pos\u00e1zav\u00ed\u2019s natural beauty","description":"The S\u00e1zavsk\u00fd Ostrov recreational area is the perfect place to relax. It offers ideal accommodation & dining options close to the nature.","robots":{"index":"index","follow":"follow","max-snippet":"max-snippet:-1","max-image-preview":"max-image-preview:large","max-video-preview":"max-video-preview:-1"},"canonical":"https:\/\/www.kempsazava.cz\/en\/","og_locale":"en_US","og_type":"article","og_title":"Kemp S\u00e1zava - nestled in the heart of Pos\u00e1zav\u00ed\u2019s natural beauty","og_description":"The S\u00e1zavsk\u00fd Ostrov recreational area is the perfect place to relax. It offers ideal accommodation & dining options close to the nature.","og_url":"https:\/\/www.kempsazava.cz\/en\/","og_site_name":"Kemp S\u00e1zava LP","article_modified_time":"2026-04-02T13:11:57+00:00","og_image":[{"width":1200,"height":800,"url":"https:\/\/www.kempsazava.cz\/wp-content\/uploads\/sites\/181\/2024\/11\/Mobilehouseexterior.jpg","type":"image\/jpeg"}],"twitter_card":"summary_large_image","twitter_misc":{"Est. reading time":"1 minute"},"schema":{"@context":"https:\/\/schema.org","@graph":[{"@type":"WebPage","@id":"https:\/\/www.kempsazava.cz\/en\/","url":"https:\/\/www.kempsazava.cz\/en\/","name":"Kemp S\u00e1zava - nestled in the heart of Pos\u00e1zav\u00ed\u2019s natural beauty","isPartOf":{"@id":"https:\/\/www.kempsazava.cz\/en\/#website"},"datePublished":"2024-11-05T13:03:38+00:00","dateModified":"2026-04-02T13:11:57+00:00","description":"The S\u00e1zavsk\u00fd Ostrov recreational area is the perfect place to relax. It offers ideal accommodation & dining options close to the nature.","breadcrumb":{"@id":"https:\/\/www.kempsazava.cz\/en\/#breadcrumb"},"inLanguage":"en-US","potentialAction":[{"@type":"ReadAction","target":["https:\/\/www.kempsazava.cz\/en\/"]}]},{"@type":"BreadcrumbList","@id":"https:\/\/www.kempsazava.cz\/en\/#breadcrumb","itemListElement":[{"@type":"ListItem","position":1,"name":"Home","item":"https:\/\/www.kempsazava.cz\/en\/"},{"@type":"ListItem","position":2,"name":"Kemp S\u00e1zava"}]},{"@type":"WebSite","@id":"https:\/\/www.kempsazava.cz\/en\/#website","url":"https:\/\/www.kempsazava.cz\/en\/","name":"Kemp S\u00e1zava LP","description":"","publisher":{"@id":"https:\/\/www.kempsazava.cz\/en\/#organization"},"potentialAction":[{"@type":"SearchAction","target":{"@type":"EntryPoint","urlTemplate":"https:\/\/www.kempsazava.cz\/en\/?s={search_term_string}"},"query-input":"required name=search_term_string"}],"inLanguage":"en-US"},{"@type":"Organization","@id":"https:\/\/www.kempsazava.cz\/en\/#organization","name":"Kemp S\u00e1zava LP","url":"https:\/\/www.kempsazava.cz\/en\/","logo":{"@type":"ImageObject","inLanguage":"en-US","@id":"https:\/\/www.kempsazava.cz\/en\/#\/schema\/logo\/image\/","url":"https:\/\/www.kempsazava.cz\/wp-content\/uploads\/sites\/181\/2024\/11\/Logo_Kemp_color-1.png","contentUrl":"https:\/\/www.kempsazava.cz\/wp-content\/uploads\/sites\/181\/2024\/11\/Logo_Kemp_color-1.png","width":498,"height":578,"caption":"Kemp S\u00e1zava LP"},"image":{"@id":"https:\/\/www.kempsazava.cz\/en\/#\/schema\/logo\/image\/"}}]}},"acf":[],"_links":{"self":[{"href":"https:\/\/www.kempsazava.cz\/en\/wp-json\/wp\/v2\/pages\/4"}],"collection":[{"href":"https:\/\/www.kempsazava.cz\/en\/wp-json\/wp\/v2\/pages"}],"about":[{"href":"https:\/\/www.kempsazava.cz\/en\/wp-json\/wp\/v2\/types\/page"}],"author":[{"embeddable":true,"href":"https:\/\/www.kempsazava.cz\/en\/wp-json\/wp\/v2\/users\/7"}],"replies":[{"embeddable":true,"href":"https:\/\/www.kempsazava.cz\/en\/wp-json\/wp\/v2\/comments?post=4"}],"version-history":[{"count":0,"href":"https:\/\/www.kempsazava.cz\/en\/wp-json\/wp\/v2\/pages\/4\/revisions"}],"wp:attachment":[{"href":"https:\/\/www.kempsazava.cz\/en\/wp-json\/wp\/v2\/media?parent=4"}],"curies":[{"name":"wp","href":"https:\/\/api.w.org\/{rel}","templated":true}]}}