{"id":79,"date":"2024-11-08T07:12:56","date_gmt":"2024-11-08T07:12:56","guid":{"rendered":"https:\/\/kemp-sazava-lp.ms2.decms.eu\/?page_id=79"},"modified":"2025-01-17T12:56:53","modified_gmt":"2025-01-17T12:56:53","slug":"imprint","status":"publish","type":"page","link":"https:\/\/www.kempsazava.cz\/en\/imprint\/","title":{"rendered":"Imprint"},"content":{"rendered":"<p style=\"text-align: center\">WWW.KEMPSAZAVA.CZ<br \/>\nis an internet domain owned by Kemp S\u00e1zava s.r.o.<\/p>\n<p style=\"text-align: center\">Contact information:<br \/>\nKemp S\u00e1zava s.r.o.<br \/>\nwith reg. address Plask\u00e1 614\/10, Mal\u00e1 Strana (Praha 5), 150 00 Praha, under reg. number 05924413<br \/>\nRepresented by: Michal Chour \u2013 executive<br \/>\nCompany ID: 05924413<br \/>\nTax ID: CZ05924413<\/p>\n<p style=\"text-align: center\">Bank details:<\/p>\n<p style=\"text-align: center\">Bank name:<br \/>\n<strong>\u010ceskoslovensk\u00e1 obchodn\u00ed banka a.s.<\/strong><\/p>\n<p style=\"text-align: center\">Account number<\/p>\n<p style=\"text-align: center\">Pro EUR platby: 348755770\/0300<br \/>\nIBAN for EUR payments: CZ4003000000000348755690<br \/>\nSWIFTCODE: CEKOCZPP<\/p>\n<p style=\"text-align: center\">Pro CZK platby: 348755690\/0300<br \/>\nIBAN for CZK payments: CZ1403000000000348755770<br \/>\nSWIFTCODE: CEKOCZPP<\/p>\n<p style=\"text-align: center\">\n","protected":false},"excerpt":{"rendered":"<p>WWW.KEMPSAZAVA.CZ is an internet domain owned by Kemp S\u00e1zava s.r.o. Contact information: Kemp S\u00e1zava s.r.o. with reg. address Plask\u00e1 614\/10, Mal\u00e1 Strana (Praha 5), 150 00 Praha, under reg. number 05924413 Represented by: Michal Chour \u2013 executive Company ID: 05924413 Tax ID: CZ05924413 Bank details: Bank name: \u010ceskoslovensk\u00e1 obchodn\u00ed banka a.s. Account number Pro EUR [&hellip;]<\/p>\n","protected":false},"author":7,"featured_media":0,"parent":0,"menu_order":70,"comment_status":"closed","ping_status":"closed","template":"template-privacy.php","meta":{"footnotes":""},"class_list":["post-79","page","type-page","status-publish","hentry"],"yoast_head":"<!-- This site is optimized with the Yoast SEO plugin v27.3 - https:\/\/yoast.com\/product\/yoast-seo-wordpress\/ -->\n<title>Imprint - Kemp S\u00e1zava LP -<\/title>\n<meta name=\"description\" content=\"WWW.KEMPSAZAVA.CZ is an internet domain owned by Kemp S\u00e1zava s.r.o., represented by Michal Chour, executive.\" \/>\n<meta name=\"robots\" content=\"index, follow, max-snippet:-1, max-image-preview:large, max-video-preview:-1\" \/>\n<link rel=\"canonical\" href=\"https:\/\/www.kempsazava.cz\/en\/imprint\/\" \/>\n<meta property=\"og:locale\" content=\"en_US\" \/>\n<meta property=\"og:type\" content=\"article\" \/>\n<meta property=\"og:title\" content=\"Imprint - Kemp S\u00e1zava LP -\" \/>\n<meta property=\"og:description\" content=\"WWW.KEMPSAZAVA.CZ is an internet domain owned by Kemp S\u00e1zava s.r.o., represented by Michal Chour, executive.\" \/>\n<meta property=\"og:url\" content=\"https:\/\/www.kempsazava.cz\/en\/imprint\/\" \/>\n<meta property=\"og:site_name\" content=\"Kemp S\u00e1zava LP\" \/>\n<meta property=\"article:modified_time\" content=\"2025-01-17T12:56:53+00:00\" \/>\n<meta property=\"og:image\" content=\"https:\/\/www.kempsazava.cz\/wp-content\/uploads\/sites\/181\/2024\/11\/Mobilehouseexterior.jpg\" \/>\n\t<meta property=\"og:image:width\" content=\"1200\" \/>\n\t<meta property=\"og:image:height\" content=\"800\" \/>\n\t<meta property=\"og:image:type\" content=\"image\/jpeg\" \/>\n<meta name=\"twitter:card\" content=\"summary_large_image\" \/>\n<meta name=\"twitter:label1\" content=\"Est. reading time\" \/>\n\t<meta name=\"twitter:data1\" content=\"1 minute\" \/>\n<script type=\"application\/ld+json\" class=\"yoast-schema-graph\">{\"@context\":\"https:\\\/\\\/schema.org\",\"@graph\":[{\"@type\":\"WebPage\",\"@id\":\"https:\\\/\\\/www.kempsazava.cz\\\/en\\\/imprint\\\/\",\"url\":\"https:\\\/\\\/www.kempsazava.cz\\\/en\\\/imprint\\\/\",\"name\":\"Imprint - Kemp S\u00e1zava LP -\",\"isPartOf\":{\"@id\":\"https:\\\/\\\/www.kempsazava.cz\\\/en\\\/#website\"},\"datePublished\":\"2024-11-08T07:12:56+00:00\",\"dateModified\":\"2025-01-17T12:56:53+00:00\",\"description\":\"WWW.KEMPSAZAVA.CZ is an internet domain owned by Kemp S\u00e1zava s.r.o., represented by Michal Chour, executive.\",\"breadcrumb\":{\"@id\":\"https:\\\/\\\/www.kempsazava.cz\\\/en\\\/imprint\\\/#breadcrumb\"},\"inLanguage\":\"en-US\",\"potentialAction\":[{\"@type\":\"ReadAction\",\"target\":[\"https:\\\/\\\/www.kempsazava.cz\\\/en\\\/imprint\\\/\"]}]},{\"@type\":\"BreadcrumbList\",\"@id\":\"https:\\\/\\\/www.kempsazava.cz\\\/en\\\/imprint\\\/#breadcrumb\",\"itemListElement\":[{\"@type\":\"ListItem\",\"position\":1,\"name\":\"Home\",\"item\":\"https:\\\/\\\/www.kempsazava.cz\\\/en\\\/\"},{\"@type\":\"ListItem\",\"position\":2,\"name\":\"Imprint\"}]},{\"@type\":\"WebSite\",\"@id\":\"https:\\\/\\\/www.kempsazava.cz\\\/en\\\/#website\",\"url\":\"https:\\\/\\\/www.kempsazava.cz\\\/en\\\/\",\"name\":\"Kemp S\u00e1zava LP\",\"description\":\"\",\"publisher\":{\"@id\":\"https:\\\/\\\/www.kempsazava.cz\\\/en\\\/#organization\"},\"potentialAction\":[{\"@type\":\"SearchAction\",\"target\":{\"@type\":\"EntryPoint\",\"urlTemplate\":\"https:\\\/\\\/www.kempsazava.cz\\\/en\\\/?s={search_term_string}\"},\"query-input\":{\"@type\":\"PropertyValueSpecification\",\"valueRequired\":true,\"valueName\":\"search_term_string\"}}],\"inLanguage\":\"en-US\"},{\"@type\":\"Organization\",\"@id\":\"https:\\\/\\\/www.kempsazava.cz\\\/en\\\/#organization\",\"name\":\"Kemp S\u00e1zava LP\",\"url\":\"https:\\\/\\\/www.kempsazava.cz\\\/en\\\/\",\"logo\":{\"@type\":\"ImageObject\",\"inLanguage\":\"en-US\",\"@id\":\"https:\\\/\\\/www.kempsazava.cz\\\/en\\\/#\\\/schema\\\/logo\\\/image\\\/\",\"url\":\"https:\\\/\\\/www.kempsazava.cz\\\/wp-content\\\/uploads\\\/sites\\\/181\\\/2024\\\/11\\\/Logo_Kemp_color-1.png\",\"contentUrl\":\"https:\\\/\\\/www.kempsazava.cz\\\/wp-content\\\/uploads\\\/sites\\\/181\\\/2024\\\/11\\\/Logo_Kemp_color-1.png\",\"width\":498,\"height\":578,\"caption\":\"Kemp S\u00e1zava LP\"},\"image\":{\"@id\":\"https:\\\/\\\/www.kempsazava.cz\\\/en\\\/#\\\/schema\\\/logo\\\/image\\\/\"}}]}<\/script>\n<!-- \/ Yoast SEO plugin. -->","yoast_head_json":{"title":"Imprint - Kemp S\u00e1zava LP -","description":"WWW.KEMPSAZAVA.CZ is an internet domain owned by Kemp S\u00e1zava s.r.o., represented by Michal Chour, executive.","robots":{"index":"index","follow":"follow","max-snippet":"max-snippet:-1","max-image-preview":"max-image-preview:large","max-video-preview":"max-video-preview:-1"},"canonical":"https:\/\/www.kempsazava.cz\/en\/imprint\/","og_locale":"en_US","og_type":"article","og_title":"Imprint - Kemp S\u00e1zava LP -","og_description":"WWW.KEMPSAZAVA.CZ is an internet domain owned by Kemp S\u00e1zava s.r.o., represented by Michal Chour, executive.","og_url":"https:\/\/www.kempsazava.cz\/en\/imprint\/","og_site_name":"Kemp S\u00e1zava LP","article_modified_time":"2025-01-17T12:56:53+00:00","og_image":[{"width":1200,"height":800,"url":"https:\/\/www.kempsazava.cz\/wp-content\/uploads\/sites\/181\/2024\/11\/Mobilehouseexterior.jpg","type":"image\/jpeg"}],"twitter_card":"summary_large_image","twitter_misc":{"Est. reading time":"1 minute"},"schema":{"@context":"https:\/\/schema.org","@graph":[{"@type":"WebPage","@id":"https:\/\/www.kempsazava.cz\/en\/imprint\/","url":"https:\/\/www.kempsazava.cz\/en\/imprint\/","name":"Imprint - Kemp S\u00e1zava LP -","isPartOf":{"@id":"https:\/\/www.kempsazava.cz\/en\/#website"},"datePublished":"2024-11-08T07:12:56+00:00","dateModified":"2025-01-17T12:56:53+00:00","description":"WWW.KEMPSAZAVA.CZ is an internet domain owned by Kemp S\u00e1zava s.r.o., represented by Michal Chour, executive.","breadcrumb":{"@id":"https:\/\/www.kempsazava.cz\/en\/imprint\/#breadcrumb"},"inLanguage":"en-US","potentialAction":[{"@type":"ReadAction","target":["https:\/\/www.kempsazava.cz\/en\/imprint\/"]}]},{"@type":"BreadcrumbList","@id":"https:\/\/www.kempsazava.cz\/en\/imprint\/#breadcrumb","itemListElement":[{"@type":"ListItem","position":1,"name":"Home","item":"https:\/\/www.kempsazava.cz\/en\/"},{"@type":"ListItem","position":2,"name":"Imprint"}]},{"@type":"WebSite","@id":"https:\/\/www.kempsazava.cz\/en\/#website","url":"https:\/\/www.kempsazava.cz\/en\/","name":"Kemp S\u00e1zava LP","description":"","publisher":{"@id":"https:\/\/www.kempsazava.cz\/en\/#organization"},"potentialAction":[{"@type":"SearchAction","target":{"@type":"EntryPoint","urlTemplate":"https:\/\/www.kempsazava.cz\/en\/?s={search_term_string}"},"query-input":{"@type":"PropertyValueSpecification","valueRequired":true,"valueName":"search_term_string"}}],"inLanguage":"en-US"},{"@type":"Organization","@id":"https:\/\/www.kempsazava.cz\/en\/#organization","name":"Kemp S\u00e1zava LP","url":"https:\/\/www.kempsazava.cz\/en\/","logo":{"@type":"ImageObject","inLanguage":"en-US","@id":"https:\/\/www.kempsazava.cz\/en\/#\/schema\/logo\/image\/","url":"https:\/\/www.kempsazava.cz\/wp-content\/uploads\/sites\/181\/2024\/11\/Logo_Kemp_color-1.png","contentUrl":"https:\/\/www.kempsazava.cz\/wp-content\/uploads\/sites\/181\/2024\/11\/Logo_Kemp_color-1.png","width":498,"height":578,"caption":"Kemp S\u00e1zava LP"},"image":{"@id":"https:\/\/www.kempsazava.cz\/en\/#\/schema\/logo\/image\/"}}]}},"acf":[],"_links":{"self":[{"href":"https:\/\/www.kempsazava.cz\/en\/wp-json\/wp\/v2\/pages\/79","targetHints":{"allow":["GET"]}}],"collection":[{"href":"https:\/\/www.kempsazava.cz\/en\/wp-json\/wp\/v2\/pages"}],"about":[{"href":"https:\/\/www.kempsazava.cz\/en\/wp-json\/wp\/v2\/types\/page"}],"author":[{"embeddable":true,"href":"https:\/\/www.kempsazava.cz\/en\/wp-json\/wp\/v2\/users\/7"}],"replies":[{"embeddable":true,"href":"https:\/\/www.kempsazava.cz\/en\/wp-json\/wp\/v2\/comments?post=79"}],"version-history":[{"count":0,"href":"https:\/\/www.kempsazava.cz\/en\/wp-json\/wp\/v2\/pages\/79\/revisions"}],"wp:attachment":[{"href":"https:\/\/www.kempsazava.cz\/en\/wp-json\/wp\/v2\/media?parent=79"}],"curies":[{"name":"wp","href":"https:\/\/api.w.org\/{rel}","templated":true}]}}